{"id":14091,"date":"2022-05-19T10:18:22","date_gmt":"2022-05-19T10:18:22","guid":{"rendered":"https:\/\/greentirana.com\/green-spaces\/"},"modified":"2022-09-27T13:07:54","modified_gmt":"2022-09-27T13:07:54","slug":"green-spaces","status":"publish","type":"page","link":"https:\/\/greentirana.com\/sq\/green-spaces\/","title":{"rendered":"Hap\u00ebsira t\u00eb gjelb\u00ebrta"},"content":{"rendered":"\t\t<div data-elementor-type=\"wp-page\" data-elementor-id=\"14091\" class=\"elementor elementor-14091\">\n\t\t\t\t\t\t<section class=\"elementor-section elementor-top-section elementor-element elementor-element-3e3b8154 elementor-section-boxed elementor-section-height-default elementor-section-height-default\" data-id=\"3e3b8154\" data-element_type=\"section\">\n\t\t\t\t\t\t<div class=\"elementor-container elementor-column-gap-default\">\n\t\t\t\t\t<div class=\"elementor-column elementor-col-100 elementor-top-column elementor-element elementor-element-63057782\" data-id=\"63057782\" data-element_type=\"column\">\n\t\t\t<div class=\"elementor-widget-wrap elementor-element-populated\">\n\t\t\t\t\t\t<div class=\"elementor-element elementor-element-4a258b80 elementor-widget elementor-widget-heading\" data-id=\"4a258b80\" data-element_type=\"widget\" data-widget_type=\"heading.default\">\n\t\t\t\t<div class=\"elementor-widget-container\">\n\t\t\t\t\t<h2 class=\"elementor-heading-title elementor-size-default\">Hap\u00ebsira t\u00eb gjelb\u00ebrta<\/h2>\t\t\t\t<\/div>\n\t\t\t\t<\/div>\n\t\t\t\t<div class=\"elementor-element elementor-element-46a6beb9 elementor-widget elementor-widget-text-editor\" data-id=\"46a6beb9\" data-element_type=\"widget\" data-widget_type=\"text-editor.default\">\n\t\t\t\t<div class=\"elementor-widget-container\">\n\t\t\t\t\t\t\t\t\t<p>Parqet jan\u00eb nj\u00eb m\u00ebnyr\u00eb e shk\u00eblqyer p\u00ebr t\u00eb eksploruar an\u00ebn e gjelb\u00ebr t\u00eb Tiran\u00ebs. Relaksohuni n\u00eb natyr\u00eb, shijoni ajrin e past\u00ebr ose b\u00ebni disa sporte n\u00eb natyr\u00eb. Apo ndoshta d\u00ebshironi t\u00eb b\u00ebni nj\u00eb udh\u00ebtim ditor n\u00eb zonat e af\u00ebrta t\u00eb natyr\u00ebs? M\u00ebsoni m\u00eb shum\u00eb p\u00ebr parqet dhe zonat e natyr\u00ebs.<\/p>\t\t\t\t\t\t\t\t<\/div>\n\t\t\t\t<\/div>\n\t\t\t\t\t<\/div>\n\t\t<\/div>\n\t\t\t\t\t<\/div>\n\t\t<\/section>\n\t\t\t\t<section class=\"elementor-section elementor-top-section elementor-element elementor-element-acc04f7 elementor-section-boxed elementor-section-height-default elementor-section-height-default\" data-id=\"acc04f7\" data-element_type=\"section\">\n\t\t\t\t\t\t<div class=\"elementor-container elementor-column-gap-default\">\n\t\t\t\t\t<div class=\"elementor-column elementor-col-50 elementor-top-column elementor-element elementor-element-79a6039\" data-id=\"79a6039\" data-element_type=\"column\">\n\t\t\t<div class=\"elementor-widget-wrap elementor-element-populated\">\n\t\t\t\t\t\t<div class=\"elementor-element elementor-element-6283208 elementor-widget elementor-widget-image\" data-id=\"6283208\" data-element_type=\"widget\" data-widget_type=\"image.default\">\n\t\t\t\t<div class=\"elementor-widget-container\">\n\t\t\t\t\t\t\t\t\t\t\t\t\t\t\t<img fetchpriority=\"high\" decoding=\"async\" width=\"1024\" height=\"1024\" src=\"https:\/\/greentirana.com\/wp-content\/uploads\/2022\/06\/nature_Tirana_lake-1024x1024.jpg\" class=\"attachment-large size-large wp-image-12146\" alt=\"\" srcset=\"https:\/\/greentirana.com\/wp-content\/uploads\/2022\/06\/nature_Tirana_lake-1024x1024.jpg 1024w, https:\/\/greentirana.com\/wp-content\/uploads\/2022\/06\/nature_Tirana_lake-300x300.jpg 300w, https:\/\/greentirana.com\/wp-content\/uploads\/2022\/06\/nature_Tirana_lake-150x150.jpg 150w, https:\/\/greentirana.com\/wp-content\/uploads\/2022\/06\/nature_Tirana_lake-1536x1536.jpg 1536w, https:\/\/greentirana.com\/wp-content\/uploads\/2022\/06\/nature_Tirana_lake-2048x2048.jpg 2048w, https:\/\/greentirana.com\/wp-content\/uploads\/2022\/06\/nature_Tirana_lake-100x100.jpg 100w\" sizes=\"(max-width: 1024px) 100vw, 1024px\" \/>\t\t\t\t\t\t\t\t\t\t\t\t\t\t\t<\/div>\n\t\t\t\t<\/div>\n\t\t\t\t<div class=\"elementor-element elementor-element-b96279a elementor-align-center elementor-widget elementor-widget-button\" data-id=\"b96279a\" data-element_type=\"widget\" data-widget_type=\"button.default\">\n\t\t\t\t<div class=\"elementor-widget-container\">\n\t\t\t\t\t\t\t\t\t<div class=\"elementor-button-wrapper\">\n\t\t\t\t\t<a class=\"elementor-button elementor-button-link elementor-size-sm\" href=\"http:\/\/www.visit-tirana.com\/things-to-do\/nature\" target=\"_blank\">\n\t\t\t\t\t\t<span class=\"elementor-button-content-wrapper\">\n\t\t\t\t\t\t\t\t\t<span class=\"elementor-button-text\">Parqet ne Tirane<\/span>\n\t\t\t\t\t<\/span>\n\t\t\t\t\t<\/a>\n\t\t\t\t<\/div>\n\t\t\t\t\t\t\t\t<\/div>\n\t\t\t\t<\/div>\n\t\t\t\t\t<\/div>\n\t\t<\/div>\n\t\t\t\t<div class=\"elementor-column elementor-col-50 elementor-top-column elementor-element elementor-element-5776a73\" data-id=\"5776a73\" data-element_type=\"column\">\n\t\t\t<div class=\"elementor-widget-wrap elementor-element-populated\">\n\t\t\t\t\t\t<div class=\"elementor-element elementor-element-ac9eff0 elementor-widget elementor-widget-image\" data-id=\"ac9eff0\" data-element_type=\"widget\" data-widget_type=\"image.default\">\n\t\t\t\t<div class=\"elementor-widget-container\">\n\t\t\t\t\t\t\t\t\t\t\t\t\t\t\t<img decoding=\"async\" width=\"1024\" height=\"1024\" src=\"https:\/\/greentirana.com\/wp-content\/uploads\/2022\/04\/New-Project-14-1024x1024.jpg\" class=\"attachment-large size-large wp-image-10670\" alt=\"\" srcset=\"https:\/\/greentirana.com\/wp-content\/uploads\/2022\/04\/New-Project-14-1024x1024.jpg 1024w, https:\/\/greentirana.com\/wp-content\/uploads\/2022\/04\/New-Project-14-300x300.jpg 300w, https:\/\/greentirana.com\/wp-content\/uploads\/2022\/04\/New-Project-14-150x150.jpg 150w, https:\/\/greentirana.com\/wp-content\/uploads\/2022\/04\/New-Project-14-1536x1536.jpg 1536w, https:\/\/greentirana.com\/wp-content\/uploads\/2022\/04\/New-Project-14-2048x2048.jpg 2048w, https:\/\/greentirana.com\/wp-content\/uploads\/2022\/04\/New-Project-14-100x100.jpg 100w\" sizes=\"(max-width: 1024px) 100vw, 1024px\" \/>\t\t\t\t\t\t\t\t\t\t\t\t\t\t\t<\/div>\n\t\t\t\t<\/div>\n\t\t\t\t<div class=\"elementor-element elementor-element-8fcd646 elementor-align-center elementor-widget elementor-widget-button\" data-id=\"8fcd646\" data-element_type=\"widget\" data-widget_type=\"button.default\">\n\t\t\t\t<div class=\"elementor-widget-container\">\n\t\t\t\t\t\t\t\t\t<div class=\"elementor-button-wrapper\">\n\t\t\t\t\t<a class=\"elementor-button elementor-button-link elementor-size-sm\" href=\"http:\/\/www.visit-tirana.com\/explore-tirana\/outside-tirana\" target=\"_blank\">\n\t\t\t\t\t\t<span class=\"elementor-button-content-wrapper\">\n\t\t\t\t\t\t\t\t\t<span class=\"elementor-button-text\">Zonat e natyr\u00ebs jasht\u00eb<\/span>\n\t\t\t\t\t<\/span>\n\t\t\t\t\t<\/a>\n\t\t\t\t<\/div>\n\t\t\t\t\t\t\t\t<\/div>\n\t\t\t\t<\/div>\n\t\t\t\t\t<\/div>\n\t\t<\/div>\n\t\t\t\t\t<\/div>\n\t\t<\/section>\n\t\t\t\t<\/div>\n\t\t","protected":false},"excerpt":{"rendered":"<p>Hap\u00ebsira t\u00eb gjelb\u00ebrta Parqet jan\u00eb nj\u00eb m\u00ebnyr\u00eb e shk\u00eblqyer p\u00ebr t\u00eb eksploruar an\u00ebn e gjelb\u00ebr t\u00eb Tiran\u00ebs. Relaksohuni n\u00eb natyr\u00eb, shijoni ajrin e past\u00ebr ose b\u00ebni disa sporte n\u00eb natyr\u00eb. Apo ndoshta d\u00ebshironi t\u00eb b\u00ebni nj\u00eb udh\u00ebtim ditor n\u00eb zonat e af\u00ebrta t\u00eb natyr\u00ebs? M\u00ebsoni m\u00eb shum\u00eb p\u00ebr parqet dhe zonat e natyr\u00ebs. Parqet ne [&hellip;]<\/p>\n","protected":false},"author":2,"featured_media":13701,"parent":0,"menu_order":0,"comment_status":"closed","ping_status":"closed","template":"template-fullwidth.php","meta":{"footnotes":""},"class_list":["post-14091","page","type-page","status-publish","has-post-thumbnail","hentry"],"yoast_head":"<!-- This site is optimized with the Yoast SEO plugin v25.1 - https:\/\/yoast.com\/wordpress\/plugins\/seo\/ -->\n<title>Hap\u00ebsira t\u00eb gjelb\u00ebrta - Green Tirana<\/title>\n<meta name=\"robots\" content=\"index, follow, max-snippet:-1, max-image-preview:large, max-video-preview:-1\" \/>\n<link rel=\"canonical\" href=\"https:\/\/greentirana.com\/green-spaces\/\" \/>\n<meta property=\"og:locale\" content=\"sq_AL\" \/>\n<meta property=\"og:type\" content=\"article\" \/>\n<meta property=\"og:title\" content=\"Hap\u00ebsira t\u00eb gjelb\u00ebrta - Green Tirana\" \/>\n<meta property=\"og:description\" content=\"Hap\u00ebsira t\u00eb gjelb\u00ebrta Parqet jan\u00eb nj\u00eb m\u00ebnyr\u00eb e shk\u00eblqyer p\u00ebr t\u00eb eksploruar an\u00ebn e gjelb\u00ebr t\u00eb Tiran\u00ebs. Relaksohuni n\u00eb natyr\u00eb, shijoni ajrin e past\u00ebr ose b\u00ebni disa sporte n\u00eb natyr\u00eb. Apo ndoshta d\u00ebshironi t\u00eb b\u00ebni nj\u00eb udh\u00ebtim ditor n\u00eb zonat e af\u00ebrta t\u00eb natyr\u00ebs? M\u00ebsoni m\u00eb shum\u00eb p\u00ebr parqet dhe zonat e natyr\u00ebs. Parqet ne [&hellip;]\" \/>\n<meta property=\"og:url\" content=\"https:\/\/greentirana.com\/green-spaces\/\" \/>\n<meta property=\"og:site_name\" content=\"Green Tirana\" \/>\n<meta property=\"article:publisher\" content=\"https:\/\/www.facebook.com\/dmoalbania\/\" \/>\n<meta property=\"article:modified_time\" content=\"2022-09-27T13:07:54+00:00\" \/>\n<meta property=\"og:image\" content=\"https:\/\/greentirana.com\/wp-content\/uploads\/2022\/04\/New-Project-15.jpg\" \/>\n\t<meta property=\"og:image:width\" content=\"1920\" \/>\n\t<meta property=\"og:image:height\" content=\"600\" \/>\n\t<meta property=\"og:image:type\" content=\"image\/jpeg\" \/>\n<meta name=\"twitter:card\" content=\"summary_large_image\" \/>\n<meta name=\"twitter:site\" content=\"@dmoalbania\" \/>\n<script type=\"application\/ld+json\" class=\"yoast-schema-graph\">{\"@context\":\"https:\/\/schema.org\",\"@graph\":[{\"@type\":\"WebPage\",\"@id\":\"https:\/\/greentirana.com\/green-spaces\/\",\"url\":\"https:\/\/greentirana.com\/green-spaces\/\",\"name\":\"Hap\u00ebsira t\u00eb gjelb\u00ebrta - Green Tirana\",\"isPartOf\":{\"@id\":\"https:\/\/greentirana.com\/#website\"},\"primaryImageOfPage\":{\"@id\":\"https:\/\/greentirana.com\/green-spaces\/#primaryimage\"},\"image\":{\"@id\":\"https:\/\/greentirana.com\/green-spaces\/#primaryimage\"},\"thumbnailUrl\":\"https:\/\/greentirana.com\/wp-content\/uploads\/2022\/04\/New-Project-15.jpg\",\"datePublished\":\"2022-05-19T10:18:22+00:00\",\"dateModified\":\"2022-09-27T13:07:54+00:00\",\"breadcrumb\":{\"@id\":\"https:\/\/greentirana.com\/green-spaces\/#breadcrumb\"},\"inLanguage\":\"sq-AL\",\"potentialAction\":[{\"@type\":\"ReadAction\",\"target\":[\"https:\/\/greentirana.com\/green-spaces\/\"]}]},{\"@type\":\"ImageObject\",\"inLanguage\":\"sq-AL\",\"@id\":\"https:\/\/greentirana.com\/green-spaces\/#primaryimage\",\"url\":\"https:\/\/greentirana.com\/wp-content\/uploads\/2022\/04\/New-Project-15.jpg\",\"contentUrl\":\"https:\/\/greentirana.com\/wp-content\/uploads\/2022\/04\/New-Project-15.jpg\",\"width\":1920,\"height\":600},{\"@type\":\"BreadcrumbList\",\"@id\":\"https:\/\/greentirana.com\/green-spaces\/#breadcrumb\",\"itemListElement\":[{\"@type\":\"ListItem\",\"position\":1,\"name\":\"Home\",\"item\":\"https:\/\/greentirana.com\/\"},{\"@type\":\"ListItem\",\"position\":2,\"name\":\"Hap\u00ebsira t\u00eb gjelb\u00ebrta\"}]},{\"@type\":\"WebSite\",\"@id\":\"https:\/\/greentirana.com\/#website\",\"url\":\"https:\/\/greentirana.com\/\",\"name\":\"Green Tirana\",\"description\":\"Special information on green travels &amp; tourism\",\"publisher\":{\"@id\":\"https:\/\/greentirana.com\/#organization\"},\"potentialAction\":[{\"@type\":\"SearchAction\",\"target\":{\"@type\":\"EntryPoint\",\"urlTemplate\":\"https:\/\/greentirana.com\/?s={search_term_string}\"},\"query-input\":{\"@type\":\"PropertyValueSpecification\",\"valueRequired\":true,\"valueName\":\"search_term_string\"}}],\"inLanguage\":\"sq-AL\"},{\"@type\":\"Organization\",\"@id\":\"https:\/\/greentirana.com\/#organization\",\"name\":\"Dmo Albania\",\"url\":\"https:\/\/greentirana.com\/\",\"logo\":{\"@type\":\"ImageObject\",\"inLanguage\":\"sq-AL\",\"@id\":\"https:\/\/greentirana.com\/#\/schema\/logo\/image\/\",\"url\":\"https:\/\/greentirana.com\/wp-content\/uploads\/2019\/05\/GreenTirana-12-1.png\",\"contentUrl\":\"https:\/\/greentirana.com\/wp-content\/uploads\/2019\/05\/GreenTirana-12-1.png\",\"width\":258,\"height\":195,\"caption\":\"Dmo Albania\"},\"image\":{\"@id\":\"https:\/\/greentirana.com\/#\/schema\/logo\/image\/\"},\"sameAs\":[\"https:\/\/www.facebook.com\/dmoalbania\/\",\"https:\/\/x.com\/dmoalbania\",\"https:\/\/www.instagram.com\/p\/CVU4n0GIKSs\/\"]}]}<\/script>\n<!-- \/ Yoast SEO plugin. -->","yoast_head_json":{"title":"Hap\u00ebsira t\u00eb gjelb\u00ebrta - Green Tirana","robots":{"index":"index","follow":"follow","max-snippet":"max-snippet:-1","max-image-preview":"max-image-preview:large","max-video-preview":"max-video-preview:-1"},"canonical":"https:\/\/greentirana.com\/green-spaces\/","og_locale":"sq_AL","og_type":"article","og_title":"Hap\u00ebsira t\u00eb gjelb\u00ebrta - Green Tirana","og_description":"Hap\u00ebsira t\u00eb gjelb\u00ebrta Parqet jan\u00eb nj\u00eb m\u00ebnyr\u00eb e shk\u00eblqyer p\u00ebr t\u00eb eksploruar an\u00ebn e gjelb\u00ebr t\u00eb Tiran\u00ebs. Relaksohuni n\u00eb natyr\u00eb, shijoni ajrin e past\u00ebr ose b\u00ebni disa sporte n\u00eb natyr\u00eb. Apo ndoshta d\u00ebshironi t\u00eb b\u00ebni nj\u00eb udh\u00ebtim ditor n\u00eb zonat e af\u00ebrta t\u00eb natyr\u00ebs? M\u00ebsoni m\u00eb shum\u00eb p\u00ebr parqet dhe zonat e natyr\u00ebs. Parqet ne [&hellip;]","og_url":"https:\/\/greentirana.com\/green-spaces\/","og_site_name":"Green Tirana","article_publisher":"https:\/\/www.facebook.com\/dmoalbania\/","article_modified_time":"2022-09-27T13:07:54+00:00","og_image":[{"width":1920,"height":600,"url":"https:\/\/greentirana.com\/wp-content\/uploads\/2022\/04\/New-Project-15.jpg","type":"image\/jpeg"}],"twitter_card":"summary_large_image","twitter_site":"@dmoalbania","schema":{"@context":"https:\/\/schema.org","@graph":[{"@type":"WebPage","@id":"https:\/\/greentirana.com\/green-spaces\/","url":"https:\/\/greentirana.com\/green-spaces\/","name":"Hap\u00ebsira t\u00eb gjelb\u00ebrta - Green Tirana","isPartOf":{"@id":"https:\/\/greentirana.com\/#website"},"primaryImageOfPage":{"@id":"https:\/\/greentirana.com\/green-spaces\/#primaryimage"},"image":{"@id":"https:\/\/greentirana.com\/green-spaces\/#primaryimage"},"thumbnailUrl":"https:\/\/greentirana.com\/wp-content\/uploads\/2022\/04\/New-Project-15.jpg","datePublished":"2022-05-19T10:18:22+00:00","dateModified":"2022-09-27T13:07:54+00:00","breadcrumb":{"@id":"https:\/\/greentirana.com\/green-spaces\/#breadcrumb"},"inLanguage":"sq-AL","potentialAction":[{"@type":"ReadAction","target":["https:\/\/greentirana.com\/green-spaces\/"]}]},{"@type":"ImageObject","inLanguage":"sq-AL","@id":"https:\/\/greentirana.com\/green-spaces\/#primaryimage","url":"https:\/\/greentirana.com\/wp-content\/uploads\/2022\/04\/New-Project-15.jpg","contentUrl":"https:\/\/greentirana.com\/wp-content\/uploads\/2022\/04\/New-Project-15.jpg","width":1920,"height":600},{"@type":"BreadcrumbList","@id":"https:\/\/greentirana.com\/green-spaces\/#breadcrumb","itemListElement":[{"@type":"ListItem","position":1,"name":"Home","item":"https:\/\/greentirana.com\/"},{"@type":"ListItem","position":2,"name":"Hap\u00ebsira t\u00eb gjelb\u00ebrta"}]},{"@type":"WebSite","@id":"https:\/\/greentirana.com\/#website","url":"https:\/\/greentirana.com\/","name":"Green Tirana","description":"Special information on green travels &amp; tourism","publisher":{"@id":"https:\/\/greentirana.com\/#organization"},"potentialAction":[{"@type":"SearchAction","target":{"@type":"EntryPoint","urlTemplate":"https:\/\/greentirana.com\/?s={search_term_string}"},"query-input":{"@type":"PropertyValueSpecification","valueRequired":true,"valueName":"search_term_string"}}],"inLanguage":"sq-AL"},{"@type":"Organization","@id":"https:\/\/greentirana.com\/#organization","name":"Dmo Albania","url":"https:\/\/greentirana.com\/","logo":{"@type":"ImageObject","inLanguage":"sq-AL","@id":"https:\/\/greentirana.com\/#\/schema\/logo\/image\/","url":"https:\/\/greentirana.com\/wp-content\/uploads\/2019\/05\/GreenTirana-12-1.png","contentUrl":"https:\/\/greentirana.com\/wp-content\/uploads\/2019\/05\/GreenTirana-12-1.png","width":258,"height":195,"caption":"Dmo Albania"},"image":{"@id":"https:\/\/greentirana.com\/#\/schema\/logo\/image\/"},"sameAs":["https:\/\/www.facebook.com\/dmoalbania\/","https:\/\/x.com\/dmoalbania","https:\/\/www.instagram.com\/p\/CVU4n0GIKSs\/"]}]}},"_links":{"self":[{"href":"https:\/\/greentirana.com\/sq\/wp-json\/wp\/v2\/pages\/14091","targetHints":{"allow":["GET"]}}],"collection":[{"href":"https:\/\/greentirana.com\/sq\/wp-json\/wp\/v2\/pages"}],"about":[{"href":"https:\/\/greentirana.com\/sq\/wp-json\/wp\/v2\/types\/page"}],"author":[{"embeddable":true,"href":"https:\/\/greentirana.com\/sq\/wp-json\/wp\/v2\/users\/2"}],"replies":[{"embeddable":true,"href":"https:\/\/greentirana.com\/sq\/wp-json\/wp\/v2\/comments?post=14091"}],"version-history":[{"count":9,"href":"https:\/\/greentirana.com\/sq\/wp-json\/wp\/v2\/pages\/14091\/revisions"}],"predecessor-version":[{"id":14174,"href":"https:\/\/greentirana.com\/sq\/wp-json\/wp\/v2\/pages\/14091\/revisions\/14174"}],"wp:featuredmedia":[{"embeddable":true,"href":"https:\/\/greentirana.com\/sq\/wp-json\/wp\/v2\/media\/13701"}],"wp:attachment":[{"href":"https:\/\/greentirana.com\/sq\/wp-json\/wp\/v2\/media?parent=14091"}],"curies":[{"name":"wp","href":"https:\/\/api.w.org\/{rel}","templated":true}]}}