{"id":14061,"date":"2022-05-30T10:13:44","date_gmt":"2022-05-30T10:13:44","guid":{"rendered":"https:\/\/greentirana.com\/sustainability-in-albania\/"},"modified":"2022-09-27T12:10:14","modified_gmt":"2022-09-27T12:10:14","slug":"sustainability-in-albania","status":"publish","type":"page","link":"https:\/\/greentirana.com\/sq\/sustainability-in-albania\/","title":{"rendered":"Q\u00ebndrueshm\u00ebria n\u00eb Shqip\u00ebri"},"content":{"rendered":"\t\t<div data-elementor-type=\"wp-page\" data-elementor-id=\"14061\" class=\"elementor elementor-14061\">\n\t\t\t\t\t\t<section class=\"elementor-section elementor-top-section elementor-element elementor-element-acc04f7 elementor-section-boxed elementor-section-height-default elementor-section-height-default\" data-id=\"acc04f7\" data-element_type=\"section\">\n\t\t\t\t\t\t<div class=\"elementor-container elementor-column-gap-default\">\n\t\t\t\t\t<div class=\"elementor-column elementor-col-100 elementor-top-column elementor-element elementor-element-5776a73\" data-id=\"5776a73\" data-element_type=\"column\">\n\t\t\t<div class=\"elementor-widget-wrap elementor-element-populated\">\n\t\t\t\t\t\t<div class=\"elementor-element elementor-element-d629e4c elementor-widget elementor-widget-heading\" data-id=\"d629e4c\" data-element_type=\"widget\" data-widget_type=\"heading.default\">\n\t\t\t\t<div class=\"elementor-widget-container\">\n\t\t\t\t\t<h2 class=\"elementor-heading-title elementor-size-default\">Merrni informacion t\u00eb detajuar nga burime t\u00eb besueshme se ku q\u00ebndron Tirana dhe Shqip\u00ebria n\u00eb progresin e q\u00ebndrueshm\u00ebris\u00eb.<\/h2>\t\t\t\t<\/div>\n\t\t\t\t<\/div>\n\t\t\t\t\t<\/div>\n\t\t<\/div>\n\t\t\t\t\t<\/div>\n\t\t<\/section>\n\t\t\t\t<section class=\"elementor-section elementor-top-section elementor-element elementor-element-1facb6c elementor-section-boxed elementor-section-height-default elementor-section-height-default\" data-id=\"1facb6c\" data-element_type=\"section\">\n\t\t\t\t\t\t<div class=\"elementor-container elementor-column-gap-default\">\n\t\t\t\t\t<div class=\"elementor-column elementor-col-50 elementor-top-column elementor-element elementor-element-8e96289\" data-id=\"8e96289\" data-element_type=\"column\">\n\t\t\t<div class=\"elementor-widget-wrap elementor-element-populated\">\n\t\t\t\t\t\t<div class=\"elementor-element elementor-element-c280a8a elementor-widget elementor-widget-image\" data-id=\"c280a8a\" data-element_type=\"widget\" data-widget_type=\"image.default\">\n\t\t\t\t<div class=\"elementor-widget-container\">\n\t\t\t\t\t\t\t\t\t\t\t\t\t\t\t<img fetchpriority=\"high\" decoding=\"async\" width=\"421\" height=\"232\" src=\"https:\/\/greentirana.com\/wp-content\/uploads\/2022\/06\/image.png\" class=\"attachment-full size-full wp-image-12256\" alt=\"\" srcset=\"https:\/\/greentirana.com\/wp-content\/uploads\/2022\/06\/image.png 421w, https:\/\/greentirana.com\/wp-content\/uploads\/2022\/06\/image-768x423.png 768w, https:\/\/greentirana.com\/wp-content\/uploads\/2022\/06\/image-600x330.png 600w\" sizes=\"(max-width: 421px) 100vw, 421px\" \/>\t\t\t\t\t\t\t\t\t\t\t\t\t\t\t<\/div>\n\t\t\t\t<\/div>\n\t\t\t\t\t<\/div>\n\t\t<\/div>\n\t\t\t\t<div class=\"elementor-column elementor-col-50 elementor-top-column elementor-element elementor-element-ec99294\" data-id=\"ec99294\" data-element_type=\"column\">\n\t\t\t<div class=\"elementor-widget-wrap elementor-element-populated\">\n\t\t\t\t\t\t<div class=\"elementor-element elementor-element-145018e elementor-widget elementor-widget-text-editor\" data-id=\"145018e\" data-element_type=\"widget\" data-widget_type=\"text-editor.default\">\n\t\t\t\t<div class=\"elementor-widget-container\">\n\t\t\t\t\t\t\t\t\t<p>Shqip\u00ebria renditet e 61 nga 163 vende n\u00eb Raportin e Zhvillimit t\u00eb Q\u00ebndruesh\u00ebm 2022, nj\u00eb vler\u00ebsim i progresit t\u00eb arritjes s\u00eb Objektivave t\u00eb Zhvillimit t\u00eb Q\u00ebndruesh\u00ebm.<\/p>\t\t\t\t\t\t\t\t<\/div>\n\t\t\t\t<\/div>\n\t\t\t\t<div class=\"elementor-element elementor-element-d99ddf6 elementor-align-left elementor-widget elementor-widget-button\" data-id=\"d99ddf6\" data-element_type=\"widget\" data-widget_type=\"button.default\">\n\t\t\t\t<div class=\"elementor-widget-container\">\n\t\t\t\t\t\t\t\t\t<div class=\"elementor-button-wrapper\">\n\t\t\t\t\t<a class=\"elementor-button elementor-button-link elementor-size-sm\" href=\"https:\/\/dashboards.sdgindex.org\/profiles\/albania\" target=\"_blank\">\n\t\t\t\t\t\t<span class=\"elementor-button-content-wrapper\">\n\t\t\t\t\t\t\t\t\t<span class=\"elementor-button-text\">Lexo me teper<\/span>\n\t\t\t\t\t<\/span>\n\t\t\t\t\t<\/a>\n\t\t\t\t<\/div>\n\t\t\t\t\t\t\t\t<\/div>\n\t\t\t\t<\/div>\n\t\t\t\t\t<\/div>\n\t\t<\/div>\n\t\t\t\t\t<\/div>\n\t\t<\/section>\n\t\t\t\t<section class=\"elementor-section elementor-top-section elementor-element elementor-element-74f1e39 elementor-section-boxed elementor-section-height-default elementor-section-height-default\" data-id=\"74f1e39\" data-element_type=\"section\" data-settings=\"{&quot;background_background&quot;:&quot;classic&quot;}\">\n\t\t\t\t\t\t<div class=\"elementor-container elementor-column-gap-default\">\n\t\t\t\t\t<div class=\"elementor-column elementor-col-50 elementor-top-column elementor-element elementor-element-7d833d6\" data-id=\"7d833d6\" data-element_type=\"column\">\n\t\t\t<div class=\"elementor-widget-wrap elementor-element-populated\">\n\t\t\t\t\t\t<div class=\"elementor-element elementor-element-ec87981 elementor-widget elementor-widget-text-editor\" data-id=\"ec87981\" data-element_type=\"widget\" data-widget_type=\"text-editor.default\">\n\t\t\t\t<div class=\"elementor-widget-container\">\n\t\t\t\t\t\t\t\t\t<p>OKB-ja po mb\u00ebshtet Shqip\u00ebrin\u00eb n\u00eb arritjen e Objektivave t\u00eb Zhvillimit t\u00eb Q\u00ebndruesh\u00ebm 2030. Lexoni p\u00ebr ndihm\u00ebn dhe aktivitetet, duke p\u00ebrfshir\u00eb Korniz\u00ebn e Bashk\u00ebpunimit p\u00ebr Zhvillimin e Q\u00ebndruesh\u00ebm t\u00eb Kombeve t\u00eb Bashkuara (2022-2026)<\/p>\t\t\t\t\t\t\t\t<\/div>\n\t\t\t\t<\/div>\n\t\t\t\t<div class=\"elementor-element elementor-element-d0e92a5 elementor-align-left elementor-widget elementor-widget-button\" data-id=\"d0e92a5\" data-element_type=\"widget\" data-widget_type=\"button.default\">\n\t\t\t\t<div class=\"elementor-widget-container\">\n\t\t\t\t\t\t\t\t\t<div class=\"elementor-button-wrapper\">\n\t\t\t\t\t<a class=\"elementor-button elementor-button-link elementor-size-sm\" href=\"https:\/\/albania.un.org\/en\/sdgs\" target=\"_blank\">\n\t\t\t\t\t\t<span class=\"elementor-button-content-wrapper\">\n\t\t\t\t\t\t\t\t\t<span class=\"elementor-button-text\">Lexo me teper<\/span>\n\t\t\t\t\t<\/span>\n\t\t\t\t\t<\/a>\n\t\t\t\t<\/div>\n\t\t\t\t\t\t\t\t<\/div>\n\t\t\t\t<\/div>\n\t\t\t\t\t<\/div>\n\t\t<\/div>\n\t\t\t\t<div class=\"elementor-column elementor-col-50 elementor-top-column elementor-element elementor-element-a0619eb\" data-id=\"a0619eb\" data-element_type=\"column\">\n\t\t\t<div class=\"elementor-widget-wrap elementor-element-populated\">\n\t\t\t\t\t\t<div class=\"elementor-element elementor-element-6db6577 elementor-widget elementor-widget-image\" data-id=\"6db6577\" data-element_type=\"widget\" data-widget_type=\"image.default\">\n\t\t\t\t<div class=\"elementor-widget-container\">\n\t\t\t\t\t\t\t\t\t\t\t\t\t\t\t<img decoding=\"async\" src=\"https:\/\/greentirana.com\/wp-content\/uploads\/2022\/06\/image-1.png\" title=\"image (1)\" alt=\"image (1)\" loading=\"lazy\" \/>\t\t\t\t\t\t\t\t\t\t\t\t\t\t\t<\/div>\n\t\t\t\t<\/div>\n\t\t\t\t\t<\/div>\n\t\t<\/div>\n\t\t\t\t\t<\/div>\n\t\t<\/section>\n\t\t\t\t<section class=\"elementor-section elementor-top-section elementor-element elementor-element-9888052 elementor-section-boxed elementor-section-height-default elementor-section-height-default\" data-id=\"9888052\" data-element_type=\"section\">\n\t\t\t\t\t\t<div class=\"elementor-container elementor-column-gap-default\">\n\t\t\t\t\t<div class=\"elementor-column elementor-col-50 elementor-top-column elementor-element elementor-element-ffe300f\" data-id=\"ffe300f\" data-element_type=\"column\">\n\t\t\t<div class=\"elementor-widget-wrap elementor-element-populated\">\n\t\t\t\t\t\t<div class=\"elementor-element elementor-element-92e4ebe elementor-widget elementor-widget-image\" data-id=\"92e4ebe\" data-element_type=\"widget\" data-widget_type=\"image.default\">\n\t\t\t\t<div class=\"elementor-widget-container\">\n\t\t\t\t\t\t\t\t\t\t\t\t\t\t\t<img decoding=\"async\" width=\"1117\" height=\"584\" src=\"https:\/\/greentirana.com\/wp-content\/uploads\/2022\/06\/image-2.png\" class=\"attachment-full size-full wp-image-12258\" alt=\"\" srcset=\"https:\/\/greentirana.com\/wp-content\/uploads\/2022\/06\/image-2.png 1117w, https:\/\/greentirana.com\/wp-content\/uploads\/2022\/06\/image-2-768x401.png 768w, https:\/\/greentirana.com\/wp-content\/uploads\/2022\/06\/image-2-600x313.png 600w\" sizes=\"(max-width: 1117px) 100vw, 1117px\" \/>\t\t\t\t\t\t\t\t\t\t\t\t\t\t\t<\/div>\n\t\t\t\t<\/div>\n\t\t\t\t\t<\/div>\n\t\t<\/div>\n\t\t\t\t<div class=\"elementor-column elementor-col-50 elementor-top-column elementor-element elementor-element-861253d\" data-id=\"861253d\" data-element_type=\"column\">\n\t\t\t<div class=\"elementor-widget-wrap elementor-element-populated\">\n\t\t\t\t\t\t<div class=\"elementor-element elementor-element-f449bef elementor-widget elementor-widget-text-editor\" data-id=\"f449bef\" data-element_type=\"widget\" data-widget_type=\"text-editor.default\">\n\t\t\t\t<div class=\"elementor-widget-container\">\n\t\t\t\t\t\t\t\t\t<p>Shikoni transformimin e Tiran\u00ebs drejt nj\u00eb qyteti m\u00eb t\u00eb q\u00ebndruesh\u00ebm, n\u00eb lidhje me l\u00ebvizshm\u00ebrin\u00eb, hap\u00ebsirat e gjelbra, burimet dhe m\u00eb shum\u00eb. Klikoni k\u00ebtu p\u00ebr t\u00eb m\u00ebsuar m\u00eb shum\u00eb<\/p>\t\t\t\t\t\t\t\t<\/div>\n\t\t\t\t<\/div>\n\t\t\t\t<div class=\"elementor-element elementor-element-3942493 elementor-align-left elementor-widget elementor-widget-button\" data-id=\"3942493\" data-element_type=\"widget\" data-widget_type=\"button.default\">\n\t\t\t\t<div class=\"elementor-widget-container\">\n\t\t\t\t\t\t\t\t\t<div class=\"elementor-button-wrapper\">\n\t\t\t\t\t<a class=\"elementor-button elementor-button-link elementor-size-sm\" href=\"https:\/\/www.ebrdgreencities.com\/assets\/Uploads\/PDF\/64623f832d\/Tirana-GCAP.pdf\" target=\"_blank\">\n\t\t\t\t\t\t<span class=\"elementor-button-content-wrapper\">\n\t\t\t\t\t\t\t\t\t<span class=\"elementor-button-text\">Lexo me teper<\/span>\n\t\t\t\t\t<\/span>\n\t\t\t\t\t<\/a>\n\t\t\t\t<\/div>\n\t\t\t\t\t\t\t\t<\/div>\n\t\t\t\t<\/div>\n\t\t\t\t\t<\/div>\n\t\t<\/div>\n\t\t\t\t\t<\/div>\n\t\t<\/section>\n\t\t\t\t<section class=\"elementor-section elementor-top-section elementor-element elementor-element-efc847e elementor-section-boxed elementor-section-height-default elementor-section-height-default\" data-id=\"efc847e\" data-element_type=\"section\">\n\t\t\t\t\t\t<div class=\"elementor-container elementor-column-gap-default\">\n\t\t\t\t\t<div class=\"elementor-column elementor-col-100 elementor-top-column elementor-element elementor-element-965d79e\" data-id=\"965d79e\" data-element_type=\"column\">\n\t\t\t<div class=\"elementor-widget-wrap\">\n\t\t\t\t\t\t\t<\/div>\n\t\t<\/div>\n\t\t\t\t\t<\/div>\n\t\t<\/section>\n\t\t\t\t<\/div>\n\t\t","protected":false},"excerpt":{"rendered":"<p>Merrni informacion t\u00eb detajuar nga burime t\u00eb besueshme se ku q\u00ebndron Tirana dhe Shqip\u00ebria n\u00eb progresin e q\u00ebndrueshm\u00ebris\u00eb. Shqip\u00ebria renditet e 61 nga 163 vende n\u00eb Raportin e Zhvillimit t\u00eb Q\u00ebndruesh\u00ebm 2022, nj\u00eb vler\u00ebsim i progresit t\u00eb arritjes s\u00eb Objektivave t\u00eb Zhvillimit t\u00eb Q\u00ebndruesh\u00ebm. Lexo me teper OKB-ja po mb\u00ebshtet Shqip\u00ebrin\u00eb n\u00eb arritjen e Objektivave [&hellip;]<\/p>\n","protected":false},"author":2,"featured_media":13762,"parent":0,"menu_order":0,"comment_status":"closed","ping_status":"closed","template":"template-fullwidth.php","meta":{"footnotes":""},"class_list":["post-14061","page","type-page","status-publish","has-post-thumbnail","hentry"],"yoast_head":"<!-- This site is optimized with the Yoast SEO plugin v25.1 - https:\/\/yoast.com\/wordpress\/plugins\/seo\/ -->\n<title>Q\u00ebndrueshm\u00ebria n\u00eb Shqip\u00ebri - Green Tirana<\/title>\n<meta name=\"robots\" content=\"index, follow, max-snippet:-1, max-image-preview:large, max-video-preview:-1\" \/>\n<link rel=\"canonical\" href=\"https:\/\/greentirana.com\/sustainability-in-albania\/\" \/>\n<meta property=\"og:locale\" content=\"sq_AL\" \/>\n<meta property=\"og:type\" content=\"article\" \/>\n<meta property=\"og:title\" content=\"Q\u00ebndrueshm\u00ebria n\u00eb Shqip\u00ebri - Green Tirana\" \/>\n<meta property=\"og:description\" content=\"Merrni informacion t\u00eb detajuar nga burime t\u00eb besueshme se ku q\u00ebndron Tirana dhe Shqip\u00ebria n\u00eb progresin e q\u00ebndrueshm\u00ebris\u00eb. Shqip\u00ebria renditet e 61 nga 163 vende n\u00eb Raportin e Zhvillimit t\u00eb Q\u00ebndruesh\u00ebm 2022, nj\u00eb vler\u00ebsim i progresit t\u00eb arritjes s\u00eb Objektivave t\u00eb Zhvillimit t\u00eb Q\u00ebndruesh\u00ebm. Lexo me teper OKB-ja po mb\u00ebshtet Shqip\u00ebrin\u00eb n\u00eb arritjen e Objektivave [&hellip;]\" \/>\n<meta property=\"og:url\" content=\"https:\/\/greentirana.com\/sustainability-in-albania\/\" \/>\n<meta property=\"og:site_name\" content=\"Green Tirana\" \/>\n<meta property=\"article:publisher\" content=\"https:\/\/www.facebook.com\/dmoalbania\/\" \/>\n<meta property=\"article:modified_time\" content=\"2022-09-27T12:10:14+00:00\" \/>\n<meta property=\"og:image\" content=\"https:\/\/greentirana.com\/wp-content\/uploads\/2022\/06\/Kevin_Dishani_Acursed_Mountains-4-1.jpg\" \/>\n\t<meta property=\"og:image:width\" content=\"1921\" \/>\n\t<meta property=\"og:image:height\" content=\"672\" \/>\n\t<meta property=\"og:image:type\" content=\"image\/jpeg\" \/>\n<meta name=\"twitter:card\" content=\"summary_large_image\" \/>\n<meta name=\"twitter:site\" content=\"@dmoalbania\" \/>\n<meta name=\"twitter:label1\" content=\"Est. reading time\" \/>\n\t<meta name=\"twitter:data1\" content=\"1 minute\" \/>\n<script type=\"application\/ld+json\" class=\"yoast-schema-graph\">{\"@context\":\"https:\/\/schema.org\",\"@graph\":[{\"@type\":\"WebPage\",\"@id\":\"https:\/\/greentirana.com\/sustainability-in-albania\/\",\"url\":\"https:\/\/greentirana.com\/sustainability-in-albania\/\",\"name\":\"Q\u00ebndrueshm\u00ebria n\u00eb Shqip\u00ebri - Green Tirana\",\"isPartOf\":{\"@id\":\"https:\/\/greentirana.com\/#website\"},\"primaryImageOfPage\":{\"@id\":\"https:\/\/greentirana.com\/sustainability-in-albania\/#primaryimage\"},\"image\":{\"@id\":\"https:\/\/greentirana.com\/sustainability-in-albania\/#primaryimage\"},\"thumbnailUrl\":\"https:\/\/greentirana.com\/wp-content\/uploads\/2022\/06\/Kevin_Dishani_Acursed_Mountains-4-1.jpg\",\"datePublished\":\"2022-05-30T10:13:44+00:00\",\"dateModified\":\"2022-09-27T12:10:14+00:00\",\"breadcrumb\":{\"@id\":\"https:\/\/greentirana.com\/sustainability-in-albania\/#breadcrumb\"},\"inLanguage\":\"sq-AL\",\"potentialAction\":[{\"@type\":\"ReadAction\",\"target\":[\"https:\/\/greentirana.com\/sustainability-in-albania\/\"]}]},{\"@type\":\"ImageObject\",\"inLanguage\":\"sq-AL\",\"@id\":\"https:\/\/greentirana.com\/sustainability-in-albania\/#primaryimage\",\"url\":\"https:\/\/greentirana.com\/wp-content\/uploads\/2022\/06\/Kevin_Dishani_Acursed_Mountains-4-1.jpg\",\"contentUrl\":\"https:\/\/greentirana.com\/wp-content\/uploads\/2022\/06\/Kevin_Dishani_Acursed_Mountains-4-1.jpg\",\"width\":1921,\"height\":672},{\"@type\":\"BreadcrumbList\",\"@id\":\"https:\/\/greentirana.com\/sustainability-in-albania\/#breadcrumb\",\"itemListElement\":[{\"@type\":\"ListItem\",\"position\":1,\"name\":\"Home\",\"item\":\"https:\/\/greentirana.com\/\"},{\"@type\":\"ListItem\",\"position\":2,\"name\":\"Q\u00ebndrueshm\u00ebria n\u00eb Shqip\u00ebri\"}]},{\"@type\":\"WebSite\",\"@id\":\"https:\/\/greentirana.com\/#website\",\"url\":\"https:\/\/greentirana.com\/\",\"name\":\"Green Tirana\",\"description\":\"Special information on green travels &amp; tourism\",\"publisher\":{\"@id\":\"https:\/\/greentirana.com\/#organization\"},\"potentialAction\":[{\"@type\":\"SearchAction\",\"target\":{\"@type\":\"EntryPoint\",\"urlTemplate\":\"https:\/\/greentirana.com\/?s={search_term_string}\"},\"query-input\":{\"@type\":\"PropertyValueSpecification\",\"valueRequired\":true,\"valueName\":\"search_term_string\"}}],\"inLanguage\":\"sq-AL\"},{\"@type\":\"Organization\",\"@id\":\"https:\/\/greentirana.com\/#organization\",\"name\":\"Dmo Albania\",\"url\":\"https:\/\/greentirana.com\/\",\"logo\":{\"@type\":\"ImageObject\",\"inLanguage\":\"sq-AL\",\"@id\":\"https:\/\/greentirana.com\/#\/schema\/logo\/image\/\",\"url\":\"https:\/\/greentirana.com\/wp-content\/uploads\/2019\/05\/GreenTirana-12-1.png\",\"contentUrl\":\"https:\/\/greentirana.com\/wp-content\/uploads\/2019\/05\/GreenTirana-12-1.png\",\"width\":258,\"height\":195,\"caption\":\"Dmo Albania\"},\"image\":{\"@id\":\"https:\/\/greentirana.com\/#\/schema\/logo\/image\/\"},\"sameAs\":[\"https:\/\/www.facebook.com\/dmoalbania\/\",\"https:\/\/x.com\/dmoalbania\",\"https:\/\/www.instagram.com\/p\/CVU4n0GIKSs\/\"]}]}<\/script>\n<!-- \/ Yoast SEO plugin. -->","yoast_head_json":{"title":"Q\u00ebndrueshm\u00ebria n\u00eb Shqip\u00ebri - Green Tirana","robots":{"index":"index","follow":"follow","max-snippet":"max-snippet:-1","max-image-preview":"max-image-preview:large","max-video-preview":"max-video-preview:-1"},"canonical":"https:\/\/greentirana.com\/sustainability-in-albania\/","og_locale":"sq_AL","og_type":"article","og_title":"Q\u00ebndrueshm\u00ebria n\u00eb Shqip\u00ebri - Green Tirana","og_description":"Merrni informacion t\u00eb detajuar nga burime t\u00eb besueshme se ku q\u00ebndron Tirana dhe Shqip\u00ebria n\u00eb progresin e q\u00ebndrueshm\u00ebris\u00eb. Shqip\u00ebria renditet e 61 nga 163 vende n\u00eb Raportin e Zhvillimit t\u00eb Q\u00ebndruesh\u00ebm 2022, nj\u00eb vler\u00ebsim i progresit t\u00eb arritjes s\u00eb Objektivave t\u00eb Zhvillimit t\u00eb Q\u00ebndruesh\u00ebm. Lexo me teper OKB-ja po mb\u00ebshtet Shqip\u00ebrin\u00eb n\u00eb arritjen e Objektivave [&hellip;]","og_url":"https:\/\/greentirana.com\/sustainability-in-albania\/","og_site_name":"Green Tirana","article_publisher":"https:\/\/www.facebook.com\/dmoalbania\/","article_modified_time":"2022-09-27T12:10:14+00:00","og_image":[{"width":1921,"height":672,"url":"https:\/\/greentirana.com\/wp-content\/uploads\/2022\/06\/Kevin_Dishani_Acursed_Mountains-4-1.jpg","type":"image\/jpeg"}],"twitter_card":"summary_large_image","twitter_site":"@dmoalbania","twitter_misc":{"Est. reading time":"1 minute"},"schema":{"@context":"https:\/\/schema.org","@graph":[{"@type":"WebPage","@id":"https:\/\/greentirana.com\/sustainability-in-albania\/","url":"https:\/\/greentirana.com\/sustainability-in-albania\/","name":"Q\u00ebndrueshm\u00ebria n\u00eb Shqip\u00ebri - Green Tirana","isPartOf":{"@id":"https:\/\/greentirana.com\/#website"},"primaryImageOfPage":{"@id":"https:\/\/greentirana.com\/sustainability-in-albania\/#primaryimage"},"image":{"@id":"https:\/\/greentirana.com\/sustainability-in-albania\/#primaryimage"},"thumbnailUrl":"https:\/\/greentirana.com\/wp-content\/uploads\/2022\/06\/Kevin_Dishani_Acursed_Mountains-4-1.jpg","datePublished":"2022-05-30T10:13:44+00:00","dateModified":"2022-09-27T12:10:14+00:00","breadcrumb":{"@id":"https:\/\/greentirana.com\/sustainability-in-albania\/#breadcrumb"},"inLanguage":"sq-AL","potentialAction":[{"@type":"ReadAction","target":["https:\/\/greentirana.com\/sustainability-in-albania\/"]}]},{"@type":"ImageObject","inLanguage":"sq-AL","@id":"https:\/\/greentirana.com\/sustainability-in-albania\/#primaryimage","url":"https:\/\/greentirana.com\/wp-content\/uploads\/2022\/06\/Kevin_Dishani_Acursed_Mountains-4-1.jpg","contentUrl":"https:\/\/greentirana.com\/wp-content\/uploads\/2022\/06\/Kevin_Dishani_Acursed_Mountains-4-1.jpg","width":1921,"height":672},{"@type":"BreadcrumbList","@id":"https:\/\/greentirana.com\/sustainability-in-albania\/#breadcrumb","itemListElement":[{"@type":"ListItem","position":1,"name":"Home","item":"https:\/\/greentirana.com\/"},{"@type":"ListItem","position":2,"name":"Q\u00ebndrueshm\u00ebria n\u00eb Shqip\u00ebri"}]},{"@type":"WebSite","@id":"https:\/\/greentirana.com\/#website","url":"https:\/\/greentirana.com\/","name":"Green Tirana","description":"Special information on green travels &amp; tourism","publisher":{"@id":"https:\/\/greentirana.com\/#organization"},"potentialAction":[{"@type":"SearchAction","target":{"@type":"EntryPoint","urlTemplate":"https:\/\/greentirana.com\/?s={search_term_string}"},"query-input":{"@type":"PropertyValueSpecification","valueRequired":true,"valueName":"search_term_string"}}],"inLanguage":"sq-AL"},{"@type":"Organization","@id":"https:\/\/greentirana.com\/#organization","name":"Dmo Albania","url":"https:\/\/greentirana.com\/","logo":{"@type":"ImageObject","inLanguage":"sq-AL","@id":"https:\/\/greentirana.com\/#\/schema\/logo\/image\/","url":"https:\/\/greentirana.com\/wp-content\/uploads\/2019\/05\/GreenTirana-12-1.png","contentUrl":"https:\/\/greentirana.com\/wp-content\/uploads\/2019\/05\/GreenTirana-12-1.png","width":258,"height":195,"caption":"Dmo Albania"},"image":{"@id":"https:\/\/greentirana.com\/#\/schema\/logo\/image\/"},"sameAs":["https:\/\/www.facebook.com\/dmoalbania\/","https:\/\/x.com\/dmoalbania","https:\/\/www.instagram.com\/p\/CVU4n0GIKSs\/"]}]}},"_links":{"self":[{"href":"https:\/\/greentirana.com\/sq\/wp-json\/wp\/v2\/pages\/14061","targetHints":{"allow":["GET"]}}],"collection":[{"href":"https:\/\/greentirana.com\/sq\/wp-json\/wp\/v2\/pages"}],"about":[{"href":"https:\/\/greentirana.com\/sq\/wp-json\/wp\/v2\/types\/page"}],"author":[{"embeddable":true,"href":"https:\/\/greentirana.com\/sq\/wp-json\/wp\/v2\/users\/2"}],"replies":[{"embeddable":true,"href":"https:\/\/greentirana.com\/sq\/wp-json\/wp\/v2\/comments?post=14061"}],"version-history":[{"count":4,"href":"https:\/\/greentirana.com\/sq\/wp-json\/wp\/v2\/pages\/14061\/revisions"}],"predecessor-version":[{"id":14065,"href":"https:\/\/greentirana.com\/sq\/wp-json\/wp\/v2\/pages\/14061\/revisions\/14065"}],"wp:featuredmedia":[{"embeddable":true,"href":"https:\/\/greentirana.com\/sq\/wp-json\/wp\/v2\/media\/13762"}],"wp:attachment":[{"href":"https:\/\/greentirana.com\/sq\/wp-json\/wp\/v2\/media?parent=14061"}],"curies":[{"name":"wp","href":"https:\/\/api.w.org\/{rel}","templated":true}]}}