{"id":14052,"date":"2022-06-08T10:40:42","date_gmt":"2022-06-08T10:40:42","guid":{"rendered":"https:\/\/greentirana.com\/gstc-criteria\/"},"modified":"2022-09-27T12:07:28","modified_gmt":"2022-09-27T12:07:28","slug":"gstc-criteria","status":"publish","type":"page","link":"https:\/\/greentirana.com\/sq\/gstc-criteria\/","title":{"rendered":"Kriteri GSTC \u00a0"},"content":{"rendered":"\t\t<div data-elementor-type=\"wp-page\" data-elementor-id=\"14052\" class=\"elementor elementor-14052\">\n\t\t\t\t\t\t<section class=\"elementor-section elementor-top-section elementor-element elementor-element-0e3b177 elementor-section-boxed elementor-section-height-default elementor-section-height-default\" data-id=\"0e3b177\" data-element_type=\"section\">\n\t\t\t\t\t\t<div class=\"elementor-container elementor-column-gap-default\">\n\t\t\t\t\t<div class=\"elementor-column elementor-col-33 elementor-top-column elementor-element elementor-element-b420ce7\" data-id=\"b420ce7\" data-element_type=\"column\">\n\t\t\t<div class=\"elementor-widget-wrap elementor-element-populated\">\n\t\t\t\t\t\t<div class=\"elementor-element elementor-element-765f56e elementor-widget elementor-widget-image\" data-id=\"765f56e\" data-element_type=\"widget\" data-widget_type=\"image.default\">\n\t\t\t\t<div class=\"elementor-widget-container\">\n\t\t\t\t\t\t\t\t\t\t\t\t\t\t\t<img fetchpriority=\"high\" decoding=\"async\" width=\"1024\" height=\"1024\" src=\"https:\/\/greentirana.com\/wp-content\/uploads\/2022\/06\/hotel_tirana-1024x1024.jpg\" class=\"attachment-large size-large wp-image-12384\" alt=\"\" srcset=\"https:\/\/greentirana.com\/wp-content\/uploads\/2022\/06\/hotel_tirana-1024x1024.jpg 1024w, https:\/\/greentirana.com\/wp-content\/uploads\/2022\/06\/hotel_tirana-300x300.jpg 300w, https:\/\/greentirana.com\/wp-content\/uploads\/2022\/06\/hotel_tirana-150x150.jpg 150w, https:\/\/greentirana.com\/wp-content\/uploads\/2022\/06\/hotel_tirana-1536x1536.jpg 1536w, https:\/\/greentirana.com\/wp-content\/uploads\/2022\/06\/hotel_tirana-2048x2048.jpg 2048w, https:\/\/greentirana.com\/wp-content\/uploads\/2022\/06\/hotel_tirana-100x100.jpg 100w\" sizes=\"(max-width: 1024px) 100vw, 1024px\" \/>\t\t\t\t\t\t\t\t\t\t\t\t\t\t\t<\/div>\n\t\t\t\t<\/div>\n\t\t\t\t\t<\/div>\n\t\t<\/div>\n\t\t\t\t<div class=\"elementor-column elementor-col-33 elementor-top-column elementor-element elementor-element-a8f0162\" data-id=\"a8f0162\" data-element_type=\"column\" data-settings=\"{&quot;background_background&quot;:&quot;slideshow&quot;,&quot;background_slideshow_gallery&quot;:[{&quot;id&quot;:13142,&quot;url&quot;:&quot;https:\\\/\\\/greentirana.com\\\/wp-content\\\/uploads\\\/2022\\\/07\\\/hiking.jpg&quot;}],&quot;background_slideshow_loop&quot;:&quot;yes&quot;,&quot;background_slideshow_slide_duration&quot;:5000,&quot;background_slideshow_slide_transition&quot;:&quot;fade&quot;,&quot;background_slideshow_transition_duration&quot;:500}\">\n\t\t\t<div class=\"elementor-widget-wrap\">\n\t\t\t\t\t\t\t<\/div>\n\t\t<\/div>\n\t\t\t\t<div class=\"elementor-column elementor-col-33 elementor-top-column elementor-element elementor-element-2d76206\" data-id=\"2d76206\" data-element_type=\"column\">\n\t\t\t<div class=\"elementor-widget-wrap elementor-element-populated\">\n\t\t\t\t\t\t<div class=\"elementor-element elementor-element-1feb21e elementor-widget elementor-widget-image\" data-id=\"1feb21e\" data-element_type=\"widget\" data-widget_type=\"image.default\">\n\t\t\t\t<div class=\"elementor-widget-container\">\n\t\t\t\t\t\t\t\t\t\t\t\t\t\t\t<img decoding=\"async\" width=\"1024\" height=\"1024\" src=\"https:\/\/greentirana.com\/wp-content\/uploads\/2022\/06\/practical_info_slide-1024x1024.jpg\" class=\"attachment-large size-large wp-image-12397\" alt=\"\" srcset=\"https:\/\/greentirana.com\/wp-content\/uploads\/2022\/06\/practical_info_slide-1024x1024.jpg 1024w, https:\/\/greentirana.com\/wp-content\/uploads\/2022\/06\/practical_info_slide-300x300.jpg 300w, https:\/\/greentirana.com\/wp-content\/uploads\/2022\/06\/practical_info_slide-150x150.jpg 150w, https:\/\/greentirana.com\/wp-content\/uploads\/2022\/06\/practical_info_slide-1536x1536.jpg 1536w, https:\/\/greentirana.com\/wp-content\/uploads\/2022\/06\/practical_info_slide-2048x2048.jpg 2048w, https:\/\/greentirana.com\/wp-content\/uploads\/2022\/06\/practical_info_slide-100x100.jpg 100w\" sizes=\"(max-width: 1024px) 100vw, 1024px\" \/>\t\t\t\t\t\t\t\t\t\t\t\t\t\t\t<\/div>\n\t\t\t\t<\/div>\n\t\t\t\t\t<\/div>\n\t\t<\/div>\n\t\t\t\t\t<\/div>\n\t\t<\/section>\n\t\t\t\t<section class=\"elementor-section elementor-top-section elementor-element elementor-element-9f606ba elementor-section-boxed elementor-section-height-default elementor-section-height-default\" data-id=\"9f606ba\" data-element_type=\"section\">\n\t\t\t\t\t\t<div class=\"elementor-container elementor-column-gap-default\">\n\t\t\t\t\t<div class=\"elementor-column elementor-col-33 elementor-top-column elementor-element elementor-element-a2dabec\" data-id=\"a2dabec\" data-element_type=\"column\">\n\t\t\t<div class=\"elementor-widget-wrap elementor-element-populated\">\n\t\t\t\t\t\t<div class=\"elementor-element elementor-element-10f6cbf elementor-widget elementor-widget-heading\" data-id=\"10f6cbf\" data-element_type=\"widget\" data-widget_type=\"heading.default\">\n\t\t\t\t<div class=\"elementor-widget-container\">\n\t\t\t\t\t<h2 class=\"elementor-heading-title elementor-size-medium\">Kriteret e GSTC p\u00ebr akomodim<\/h2>\t\t\t\t<\/div>\n\t\t\t\t<\/div>\n\t\t\t\t\t<\/div>\n\t\t<\/div>\n\t\t\t\t<div class=\"elementor-column elementor-col-33 elementor-top-column elementor-element elementor-element-0770867\" data-id=\"0770867\" data-element_type=\"column\">\n\t\t\t<div class=\"elementor-widget-wrap elementor-element-populated\">\n\t\t\t\t\t\t<div class=\"elementor-element elementor-element-b04353a elementor-widget elementor-widget-heading\" data-id=\"b04353a\" data-element_type=\"widget\" data-widget_type=\"heading.default\">\n\t\t\t\t<div class=\"elementor-widget-container\">\n\t\t\t\t\t<h2 class=\"elementor-heading-title elementor-size-medium\">Kriteret GSTC p\u00ebr operator\u00ebt turistik\u00eb<\/h2>\t\t\t\t<\/div>\n\t\t\t\t<\/div>\n\t\t\t\t\t<\/div>\n\t\t<\/div>\n\t\t\t\t<div class=\"elementor-column elementor-col-33 elementor-top-column elementor-element elementor-element-d70b98e\" data-id=\"d70b98e\" data-element_type=\"column\">\n\t\t\t<div class=\"elementor-widget-wrap elementor-element-populated\">\n\t\t\t\t\t\t<div class=\"elementor-element elementor-element-d9836eb elementor-widget elementor-widget-heading\" data-id=\"d9836eb\" data-element_type=\"widget\" data-widget_type=\"heading.default\">\n\t\t\t\t<div class=\"elementor-widget-container\">\n\t\t\t\t\t<h1 class=\"elementor-heading-title elementor-size-medium\">Kriteret GSTC p\u00ebr destinacionet<\/h1>\t\t\t\t<\/div>\n\t\t\t\t<\/div>\n\t\t\t\t\t<\/div>\n\t\t<\/div>\n\t\t\t\t\t<\/div>\n\t\t<\/section>\n\t\t\t\t<section class=\"elementor-section elementor-top-section elementor-element elementor-element-0a8eca2 elementor-section-boxed elementor-section-height-default elementor-section-height-default\" data-id=\"0a8eca2\" data-element_type=\"section\">\n\t\t\t\t\t\t<div class=\"elementor-container elementor-column-gap-default\">\n\t\t\t\t\t<div class=\"elementor-column elementor-col-33 elementor-top-column elementor-element elementor-element-76980f2\" data-id=\"76980f2\" data-element_type=\"column\">\n\t\t\t<div class=\"elementor-widget-wrap elementor-element-populated\">\n\t\t\t\t\t\t<div class=\"elementor-element elementor-element-0764025 elementor-widget elementor-widget-button\" data-id=\"0764025\" data-element_type=\"widget\" data-widget_type=\"button.default\">\n\t\t\t\t<div class=\"elementor-widget-container\">\n\t\t\t\t\t\t\t\t\t<div class=\"elementor-button-wrapper\">\n\t\t\t\t\t<a class=\"elementor-button elementor-button-link elementor-size-sm\" href=\"https:\/\/www.gstcouncil.org\/wp-content\/uploads\/GSTC-Industry-Criteria-for-Hotels-with-indicators-Dec-2016.pdf\" target=\"_blank\">\n\t\t\t\t\t\t<span class=\"elementor-button-content-wrapper\">\n\t\t\t\t\t\t\t\t\t<span class=\"elementor-button-text\">Versioni Anglisht<\/span>\n\t\t\t\t\t<\/span>\n\t\t\t\t\t<\/a>\n\t\t\t\t<\/div>\n\t\t\t\t\t\t\t\t<\/div>\n\t\t\t\t<\/div>\n\t\t\t\t<div class=\"elementor-element elementor-element-8a87458 elementor-widget elementor-widget-button\" data-id=\"8a87458\" data-element_type=\"widget\" data-widget_type=\"button.default\">\n\t\t\t\t<div class=\"elementor-widget-container\">\n\t\t\t\t\t\t\t\t\t<div class=\"elementor-button-wrapper\">\n\t\t\t\t\t<a class=\"elementor-button elementor-button-link elementor-size-sm\" href=\"https:\/\/dmoalbania.al\/wp-content\/uploads\/2021\/02\/GSTC-Industry-Criteria-for-Tour-Operators-with-indicators-Dec-2016_ALB.pdf\" target=\"_blank\">\n\t\t\t\t\t\t<span class=\"elementor-button-content-wrapper\">\n\t\t\t\t\t\t\t\t\t<span class=\"elementor-button-text\">Versioni Shqip<\/span>\n\t\t\t\t\t<\/span>\n\t\t\t\t\t<\/a>\n\t\t\t\t<\/div>\n\t\t\t\t\t\t\t\t<\/div>\n\t\t\t\t<\/div>\n\t\t\t\t\t<\/div>\n\t\t<\/div>\n\t\t\t\t<div class=\"elementor-column elementor-col-33 elementor-top-column elementor-element elementor-element-eae58f2\" data-id=\"eae58f2\" data-element_type=\"column\">\n\t\t\t<div class=\"elementor-widget-wrap elementor-element-populated\">\n\t\t\t\t\t\t<div class=\"elementor-element elementor-element-5db8ba3 elementor-widget elementor-widget-button\" data-id=\"5db8ba3\" data-element_type=\"widget\" data-widget_type=\"button.default\">\n\t\t\t\t<div class=\"elementor-widget-container\">\n\t\t\t\t\t\t\t\t\t<div class=\"elementor-button-wrapper\">\n\t\t\t\t\t<a class=\"elementor-button elementor-button-link elementor-size-sm\" href=\"https:\/\/www.gstcouncil.org\/wp-content\/uploads\/GSTC-Industry-Criteria-for-Tour-Operators-with-indicators-Dec-2016.pdf\" target=\"_blank\">\n\t\t\t\t\t\t<span class=\"elementor-button-content-wrapper\">\n\t\t\t\t\t\t\t\t\t<span class=\"elementor-button-text\">Versioni Anglisht<\/span>\n\t\t\t\t\t<\/span>\n\t\t\t\t\t<\/a>\n\t\t\t\t<\/div>\n\t\t\t\t\t\t\t\t<\/div>\n\t\t\t\t<\/div>\n\t\t\t\t<div class=\"elementor-element elementor-element-62e2bb6 elementor-widget elementor-widget-button\" data-id=\"62e2bb6\" data-element_type=\"widget\" data-widget_type=\"button.default\">\n\t\t\t\t<div class=\"elementor-widget-container\">\n\t\t\t\t\t\t\t\t\t<div class=\"elementor-button-wrapper\">\n\t\t\t\t\t<a class=\"elementor-button elementor-button-link elementor-size-sm\" href=\"https:\/\/dmoalbania.al\/wp-content\/uploads\/2021\/02\/GSTC-Industry-Criteria-for-Tour-Operators-with-indicators-Dec-2016_ALB.pdf\" target=\"_blank\">\n\t\t\t\t\t\t<span class=\"elementor-button-content-wrapper\">\n\t\t\t\t\t\t\t\t\t<span class=\"elementor-button-text\">Versioni Shqip<\/span>\n\t\t\t\t\t<\/span>\n\t\t\t\t\t<\/a>\n\t\t\t\t<\/div>\n\t\t\t\t\t\t\t\t<\/div>\n\t\t\t\t<\/div>\n\t\t\t\t\t<\/div>\n\t\t<\/div>\n\t\t\t\t<div class=\"elementor-column elementor-col-33 elementor-top-column elementor-element elementor-element-68dfade\" data-id=\"68dfade\" data-element_type=\"column\">\n\t\t\t<div class=\"elementor-widget-wrap elementor-element-populated\">\n\t\t\t\t\t\t<div class=\"elementor-element elementor-element-ba4a988 elementor-widget elementor-widget-button\" data-id=\"ba4a988\" data-element_type=\"widget\" data-widget_type=\"button.default\">\n\t\t\t\t<div class=\"elementor-widget-container\">\n\t\t\t\t\t\t\t\t\t<div class=\"elementor-button-wrapper\">\n\t\t\t\t\t<a class=\"elementor-button elementor-button-link elementor-size-sm\" href=\"https:\/\/www.gstcouncil.org\/wp-content\/uploads\/GSTC-Destination-Criteria-v2.0.pdf\" target=\"_blank\">\n\t\t\t\t\t\t<span class=\"elementor-button-content-wrapper\">\n\t\t\t\t\t\t\t\t\t<span class=\"elementor-button-text\">Versioni Anglisht<\/span>\n\t\t\t\t\t<\/span>\n\t\t\t\t\t<\/a>\n\t\t\t\t<\/div>\n\t\t\t\t\t\t\t\t<\/div>\n\t\t\t\t<\/div>\n\t\t\t\t<div class=\"elementor-element elementor-element-e4eda5d elementor-widget elementor-widget-button\" data-id=\"e4eda5d\" data-element_type=\"widget\" data-widget_type=\"button.default\">\n\t\t\t\t<div class=\"elementor-widget-container\">\n\t\t\t\t\t\t\t\t\t<div class=\"elementor-button-wrapper\">\n\t\t\t\t\t<a class=\"elementor-button elementor-button-link elementor-size-sm\" href=\"https:\/\/dmoalbania.al\/wp-content\/uploads\/2021\/02\/GSTC-Destination-Criteria-v2-0-ALB.pdf\" target=\"_blank\">\n\t\t\t\t\t\t<span class=\"elementor-button-content-wrapper\">\n\t\t\t\t\t\t\t\t\t<span class=\"elementor-button-text\">Versioni Shqip<\/span>\n\t\t\t\t\t<\/span>\n\t\t\t\t\t<\/a>\n\t\t\t\t<\/div>\n\t\t\t\t\t\t\t\t<\/div>\n\t\t\t\t<\/div>\n\t\t\t\t\t<\/div>\n\t\t<\/div>\n\t\t\t\t\t<\/div>\n\t\t<\/section>\n\t\t\t\t<\/div>\n\t\t","protected":false},"excerpt":{"rendered":"<p>Kriteret e GSTC p\u00ebr akomodim Kriteret GSTC p\u00ebr operator\u00ebt turistik\u00eb Kriteret GSTC p\u00ebr destinacionet Versioni Anglisht Versioni Shqip Versioni Anglisht Versioni Shqip Versioni Anglisht Versioni Shqip<\/p>\n","protected":false},"author":2,"featured_media":13790,"parent":0,"menu_order":0,"comment_status":"closed","ping_status":"closed","template":"","meta":{"footnotes":""},"class_list":["post-14052","page","type-page","status-publish","has-post-thumbnail","hentry"],"yoast_head":"<!-- This site is optimized with the Yoast SEO plugin v25.1 - https:\/\/yoast.com\/wordpress\/plugins\/seo\/ -->\n<title>Kriteri GSTC \u00a0 - Green Tirana<\/title>\n<meta name=\"robots\" content=\"index, follow, max-snippet:-1, max-image-preview:large, max-video-preview:-1\" \/>\n<link rel=\"canonical\" href=\"https:\/\/greentirana.com\/gstc-criteria\/\" \/>\n<meta property=\"og:locale\" content=\"sq_AL\" \/>\n<meta property=\"og:type\" content=\"article\" \/>\n<meta property=\"og:title\" content=\"Kriteri GSTC \u00a0 - Green Tirana\" \/>\n<meta property=\"og:description\" content=\"Kriteret e GSTC p\u00ebr akomodim Kriteret GSTC p\u00ebr operator\u00ebt turistik\u00eb Kriteret GSTC p\u00ebr destinacionet Versioni Anglisht Versioni Shqip Versioni Anglisht Versioni Shqip Versioni Anglisht Versioni Shqip\" \/>\n<meta property=\"og:url\" content=\"https:\/\/greentirana.com\/gstc-criteria\/\" \/>\n<meta property=\"og:site_name\" content=\"Green Tirana\" \/>\n<meta property=\"article:publisher\" content=\"https:\/\/www.facebook.com\/dmoalbania\/\" \/>\n<meta property=\"article:modified_time\" content=\"2022-09-27T12:07:28+00:00\" \/>\n<meta property=\"og:image\" content=\"https:\/\/greentirana.com\/wp-content\/uploads\/2022\/06\/Eraldo_Hysa_Glacial_Lakes_Jezerce.jpg\" \/>\n\t<meta property=\"og:image:width\" content=\"1920\" \/>\n\t<meta property=\"og:image:height\" content=\"695\" \/>\n\t<meta property=\"og:image:type\" content=\"image\/jpeg\" \/>\n<meta name=\"twitter:card\" content=\"summary_large_image\" \/>\n<meta name=\"twitter:site\" content=\"@dmoalbania\" \/>\n<script type=\"application\/ld+json\" class=\"yoast-schema-graph\">{\"@context\":\"https:\/\/schema.org\",\"@graph\":[{\"@type\":\"WebPage\",\"@id\":\"https:\/\/greentirana.com\/gstc-criteria\/\",\"url\":\"https:\/\/greentirana.com\/gstc-criteria\/\",\"name\":\"Kriteri GSTC \u00a0 - Green Tirana\",\"isPartOf\":{\"@id\":\"https:\/\/greentirana.com\/#website\"},\"primaryImageOfPage\":{\"@id\":\"https:\/\/greentirana.com\/gstc-criteria\/#primaryimage\"},\"image\":{\"@id\":\"https:\/\/greentirana.com\/gstc-criteria\/#primaryimage\"},\"thumbnailUrl\":\"https:\/\/greentirana.com\/wp-content\/uploads\/2022\/06\/Eraldo_Hysa_Glacial_Lakes_Jezerce.jpg\",\"datePublished\":\"2022-06-08T10:40:42+00:00\",\"dateModified\":\"2022-09-27T12:07:28+00:00\",\"breadcrumb\":{\"@id\":\"https:\/\/greentirana.com\/gstc-criteria\/#breadcrumb\"},\"inLanguage\":\"sq-AL\",\"potentialAction\":[{\"@type\":\"ReadAction\",\"target\":[\"https:\/\/greentirana.com\/gstc-criteria\/\"]}]},{\"@type\":\"ImageObject\",\"inLanguage\":\"sq-AL\",\"@id\":\"https:\/\/greentirana.com\/gstc-criteria\/#primaryimage\",\"url\":\"https:\/\/greentirana.com\/wp-content\/uploads\/2022\/06\/Eraldo_Hysa_Glacial_Lakes_Jezerce.jpg\",\"contentUrl\":\"https:\/\/greentirana.com\/wp-content\/uploads\/2022\/06\/Eraldo_Hysa_Glacial_Lakes_Jezerce.jpg\",\"width\":1920,\"height\":695},{\"@type\":\"BreadcrumbList\",\"@id\":\"https:\/\/greentirana.com\/gstc-criteria\/#breadcrumb\",\"itemListElement\":[{\"@type\":\"ListItem\",\"position\":1,\"name\":\"Home\",\"item\":\"https:\/\/greentirana.com\/\"},{\"@type\":\"ListItem\",\"position\":2,\"name\":\"Kriteri GSTC \u00a0\"}]},{\"@type\":\"WebSite\",\"@id\":\"https:\/\/greentirana.com\/#website\",\"url\":\"https:\/\/greentirana.com\/\",\"name\":\"Green Tirana\",\"description\":\"Special information on green travels &amp; tourism\",\"publisher\":{\"@id\":\"https:\/\/greentirana.com\/#organization\"},\"potentialAction\":[{\"@type\":\"SearchAction\",\"target\":{\"@type\":\"EntryPoint\",\"urlTemplate\":\"https:\/\/greentirana.com\/?s={search_term_string}\"},\"query-input\":{\"@type\":\"PropertyValueSpecification\",\"valueRequired\":true,\"valueName\":\"search_term_string\"}}],\"inLanguage\":\"sq-AL\"},{\"@type\":\"Organization\",\"@id\":\"https:\/\/greentirana.com\/#organization\",\"name\":\"Dmo Albania\",\"url\":\"https:\/\/greentirana.com\/\",\"logo\":{\"@type\":\"ImageObject\",\"inLanguage\":\"sq-AL\",\"@id\":\"https:\/\/greentirana.com\/#\/schema\/logo\/image\/\",\"url\":\"https:\/\/greentirana.com\/wp-content\/uploads\/2019\/05\/GreenTirana-12-1.png\",\"contentUrl\":\"https:\/\/greentirana.com\/wp-content\/uploads\/2019\/05\/GreenTirana-12-1.png\",\"width\":258,\"height\":195,\"caption\":\"Dmo Albania\"},\"image\":{\"@id\":\"https:\/\/greentirana.com\/#\/schema\/logo\/image\/\"},\"sameAs\":[\"https:\/\/www.facebook.com\/dmoalbania\/\",\"https:\/\/x.com\/dmoalbania\",\"https:\/\/www.instagram.com\/p\/CVU4n0GIKSs\/\"]}]}<\/script>\n<!-- \/ Yoast SEO plugin. -->","yoast_head_json":{"title":"Kriteri GSTC \u00a0 - Green Tirana","robots":{"index":"index","follow":"follow","max-snippet":"max-snippet:-1","max-image-preview":"max-image-preview:large","max-video-preview":"max-video-preview:-1"},"canonical":"https:\/\/greentirana.com\/gstc-criteria\/","og_locale":"sq_AL","og_type":"article","og_title":"Kriteri GSTC \u00a0 - Green Tirana","og_description":"Kriteret e GSTC p\u00ebr akomodim Kriteret GSTC p\u00ebr operator\u00ebt turistik\u00eb Kriteret GSTC p\u00ebr destinacionet Versioni Anglisht Versioni Shqip Versioni Anglisht Versioni Shqip Versioni Anglisht Versioni Shqip","og_url":"https:\/\/greentirana.com\/gstc-criteria\/","og_site_name":"Green Tirana","article_publisher":"https:\/\/www.facebook.com\/dmoalbania\/","article_modified_time":"2022-09-27T12:07:28+00:00","og_image":[{"width":1920,"height":695,"url":"https:\/\/greentirana.com\/wp-content\/uploads\/2022\/06\/Eraldo_Hysa_Glacial_Lakes_Jezerce.jpg","type":"image\/jpeg"}],"twitter_card":"summary_large_image","twitter_site":"@dmoalbania","schema":{"@context":"https:\/\/schema.org","@graph":[{"@type":"WebPage","@id":"https:\/\/greentirana.com\/gstc-criteria\/","url":"https:\/\/greentirana.com\/gstc-criteria\/","name":"Kriteri GSTC \u00a0 - Green Tirana","isPartOf":{"@id":"https:\/\/greentirana.com\/#website"},"primaryImageOfPage":{"@id":"https:\/\/greentirana.com\/gstc-criteria\/#primaryimage"},"image":{"@id":"https:\/\/greentirana.com\/gstc-criteria\/#primaryimage"},"thumbnailUrl":"https:\/\/greentirana.com\/wp-content\/uploads\/2022\/06\/Eraldo_Hysa_Glacial_Lakes_Jezerce.jpg","datePublished":"2022-06-08T10:40:42+00:00","dateModified":"2022-09-27T12:07:28+00:00","breadcrumb":{"@id":"https:\/\/greentirana.com\/gstc-criteria\/#breadcrumb"},"inLanguage":"sq-AL","potentialAction":[{"@type":"ReadAction","target":["https:\/\/greentirana.com\/gstc-criteria\/"]}]},{"@type":"ImageObject","inLanguage":"sq-AL","@id":"https:\/\/greentirana.com\/gstc-criteria\/#primaryimage","url":"https:\/\/greentirana.com\/wp-content\/uploads\/2022\/06\/Eraldo_Hysa_Glacial_Lakes_Jezerce.jpg","contentUrl":"https:\/\/greentirana.com\/wp-content\/uploads\/2022\/06\/Eraldo_Hysa_Glacial_Lakes_Jezerce.jpg","width":1920,"height":695},{"@type":"BreadcrumbList","@id":"https:\/\/greentirana.com\/gstc-criteria\/#breadcrumb","itemListElement":[{"@type":"ListItem","position":1,"name":"Home","item":"https:\/\/greentirana.com\/"},{"@type":"ListItem","position":2,"name":"Kriteri GSTC \u00a0"}]},{"@type":"WebSite","@id":"https:\/\/greentirana.com\/#website","url":"https:\/\/greentirana.com\/","name":"Green Tirana","description":"Special information on green travels &amp; tourism","publisher":{"@id":"https:\/\/greentirana.com\/#organization"},"potentialAction":[{"@type":"SearchAction","target":{"@type":"EntryPoint","urlTemplate":"https:\/\/greentirana.com\/?s={search_term_string}"},"query-input":{"@type":"PropertyValueSpecification","valueRequired":true,"valueName":"search_term_string"}}],"inLanguage":"sq-AL"},{"@type":"Organization","@id":"https:\/\/greentirana.com\/#organization","name":"Dmo Albania","url":"https:\/\/greentirana.com\/","logo":{"@type":"ImageObject","inLanguage":"sq-AL","@id":"https:\/\/greentirana.com\/#\/schema\/logo\/image\/","url":"https:\/\/greentirana.com\/wp-content\/uploads\/2019\/05\/GreenTirana-12-1.png","contentUrl":"https:\/\/greentirana.com\/wp-content\/uploads\/2019\/05\/GreenTirana-12-1.png","width":258,"height":195,"caption":"Dmo Albania"},"image":{"@id":"https:\/\/greentirana.com\/#\/schema\/logo\/image\/"},"sameAs":["https:\/\/www.facebook.com\/dmoalbania\/","https:\/\/x.com\/dmoalbania","https:\/\/www.instagram.com\/p\/CVU4n0GIKSs\/"]}]}},"_links":{"self":[{"href":"https:\/\/greentirana.com\/sq\/wp-json\/wp\/v2\/pages\/14052","targetHints":{"allow":["GET"]}}],"collection":[{"href":"https:\/\/greentirana.com\/sq\/wp-json\/wp\/v2\/pages"}],"about":[{"href":"https:\/\/greentirana.com\/sq\/wp-json\/wp\/v2\/types\/page"}],"author":[{"embeddable":true,"href":"https:\/\/greentirana.com\/sq\/wp-json\/wp\/v2\/users\/2"}],"replies":[{"embeddable":true,"href":"https:\/\/greentirana.com\/sq\/wp-json\/wp\/v2\/comments?post=14052"}],"version-history":[{"count":7,"href":"https:\/\/greentirana.com\/sq\/wp-json\/wp\/v2\/pages\/14052\/revisions"}],"predecessor-version":[{"id":14060,"href":"https:\/\/greentirana.com\/sq\/wp-json\/wp\/v2\/pages\/14052\/revisions\/14060"}],"wp:featuredmedia":[{"embeddable":true,"href":"https:\/\/greentirana.com\/sq\/wp-json\/wp\/v2\/media\/13790"}],"wp:attachment":[{"href":"https:\/\/greentirana.com\/sq\/wp-json\/wp\/v2\/media?parent=14052"}],"curies":[{"name":"wp","href":"https:\/\/api.w.org\/{rel}","templated":true}]}}