{"id":14014,"date":"2022-05-30T09:52:11","date_gmt":"2022-05-30T09:52:11","guid":{"rendered":"https:\/\/greentirana.com\/sustainability\/"},"modified":"2022-09-27T11:59:51","modified_gmt":"2022-09-27T11:59:51","slug":"sustainability","status":"publish","type":"page","link":"https:\/\/greentirana.com\/sq\/sustainability\/","title":{"rendered":"Trajnimet"},"content":{"rendered":"\t\t<div data-elementor-type=\"wp-page\" data-elementor-id=\"14014\" class=\"elementor elementor-14014\">\n\t\t\t\t\t\t<section class=\"elementor-section elementor-top-section elementor-element elementor-element-acc04f7 elementor-section-boxed elementor-section-height-default elementor-section-height-default\" data-id=\"acc04f7\" data-element_type=\"section\">\n\t\t\t\t\t\t<div class=\"elementor-container elementor-column-gap-default\">\n\t\t\t\t\t<div class=\"elementor-column elementor-col-50 elementor-top-column elementor-element elementor-element-79a6039\" data-id=\"79a6039\" data-element_type=\"column\">\n\t\t\t<div class=\"elementor-widget-wrap elementor-element-populated\">\n\t\t\t\t\t\t<div class=\"elementor-element elementor-element-24638fb elementor-widget elementor-widget-image\" data-id=\"24638fb\" data-element_type=\"widget\" data-widget_type=\"image.default\">\n\t\t\t\t<div class=\"elementor-widget-container\">\n\t\t\t\t\t\t\t\t\t\t\t\t\t\t\t<img fetchpriority=\"high\" decoding=\"async\" width=\"768\" height=\"511\" src=\"https:\/\/greentirana.com\/wp-content\/uploads\/2022\/06\/Arjan_Zogu_Peak_of_Vajusha-768x511.jpg\" class=\"attachment-medium_large size-medium_large wp-image-12115\" alt=\"\" srcset=\"https:\/\/greentirana.com\/wp-content\/uploads\/2022\/06\/Arjan_Zogu_Peak_of_Vajusha-768x511.jpg 768w, https:\/\/greentirana.com\/wp-content\/uploads\/2022\/06\/Arjan_Zogu_Peak_of_Vajusha-600x399.jpg 600w, https:\/\/greentirana.com\/wp-content\/uploads\/2022\/06\/Arjan_Zogu_Peak_of_Vajusha.jpg 500w\" sizes=\"(max-width: 768px) 100vw, 768px\" \/>\t\t\t\t\t\t\t\t\t\t\t\t\t\t\t<\/div>\n\t\t\t\t<\/div>\n\t\t\t\t\t<\/div>\n\t\t<\/div>\n\t\t\t\t<div class=\"elementor-column elementor-col-50 elementor-top-column elementor-element elementor-element-5776a73\" data-id=\"5776a73\" data-element_type=\"column\">\n\t\t\t<div class=\"elementor-widget-wrap elementor-element-populated\">\n\t\t\t\t\t\t<div class=\"elementor-element elementor-element-d629e4c elementor-widget elementor-widget-heading\" data-id=\"d629e4c\" data-element_type=\"widget\" data-widget_type=\"heading.default\">\n\t\t\t\t<div class=\"elementor-widget-container\">\n\t\t\t\t\t<h2 class=\"elementor-heading-title elementor-size-default\">Kurse Baz\u00eb mbi Q\u00ebndrueshm\u00ebrin\u00eb<\/h2>\t\t\t\t<\/div>\n\t\t\t\t<\/div>\n\t\t\t\t<div class=\"elementor-element elementor-element-5db5eea elementor-widget elementor-widget-text-editor\" data-id=\"5db5eea\" data-element_type=\"widget\" data-widget_type=\"text-editor.default\">\n\t\t\t\t<div class=\"elementor-widget-container\">\n\t\t\t\t\t\t\t\t\tN\u00eb k\u00ebt\u00eb kurs do t\u00eb m\u00ebsosh se cfar\u00eb do t\u00eb thot\u00eb t\u00eb q\u00ebnurit i q\u00ebndruesh\u00ebm dhe \u00e7far\u00eb mund t\u00eb b\u00ebsh. Duke njohur principet baz\u00eb dhe kuptimin e konceptit t\u00eb q\u00ebndrueshm\u00ebris\u00eb \u00ebsht\u00eb hapi i par\u00eb p\u00ebr nj\u00eb t\u00eb ardhme m\u00eb t\u00eb mir\u00eb dhe turiz\u00ebm m\u00eb t\u00eb fort\u00eb.\t\t\t\t\t\t\t\t<\/div>\n\t\t\t\t<\/div>\n\t\t\t\t<div class=\"elementor-element elementor-element-93b096e elementor-widget elementor-widget-text-editor\" data-id=\"93b096e\" data-element_type=\"widget\" data-widget_type=\"text-editor.default\">\n\t\t\t\t<div class=\"elementor-widget-container\">\n\t\t\t\t\t\t\t\t\t<span style=\"font-size: 14pt;\"><strong>\u00c7mimi i Kursit: <\/strong>\u00a0duke nisur nga 50\u20ac (varur nga madh\u00ebsia e grupit)  |\u00a0<strong>Zgjatja:<\/strong> 1 Dit\u00eb<\/span>\t\t\t\t\t\t\t\t<\/div>\n\t\t\t\t<\/div>\n\t\t\t\t<div class=\"elementor-element elementor-element-0a2d6ec elementor-align-left elementor-widget elementor-widget-button\" data-id=\"0a2d6ec\" data-element_type=\"widget\" data-widget_type=\"button.default\">\n\t\t\t\t<div class=\"elementor-widget-container\">\n\t\t\t\t\t\t\t\t\t<div class=\"elementor-button-wrapper\">\n\t\t\t\t\t<a class=\"elementor-button elementor-button-link elementor-size-sm\" href=\"https:\/\/greentirana.com\/sq\/basic-course-on-sustainability\/\">\n\t\t\t\t\t\t<span class=\"elementor-button-content-wrapper\">\n\t\t\t\t\t\t\t\t\t<span class=\"elementor-button-text\">Lexo me teper<\/span>\n\t\t\t\t\t<\/span>\n\t\t\t\t\t<\/a>\n\t\t\t\t<\/div>\n\t\t\t\t\t\t\t\t<\/div>\n\t\t\t\t<\/div>\n\t\t\t\t\t<\/div>\n\t\t<\/div>\n\t\t\t\t\t<\/div>\n\t\t<\/section>\n\t\t\t\t<section class=\"elementor-section elementor-top-section elementor-element elementor-element-74f1e39 elementor-section-boxed elementor-section-height-default elementor-section-height-default\" data-id=\"74f1e39\" data-element_type=\"section\" data-settings=\"{&quot;background_background&quot;:&quot;classic&quot;}\">\n\t\t\t\t\t\t<div class=\"elementor-container elementor-column-gap-default\">\n\t\t\t\t\t<div class=\"elementor-column elementor-col-50 elementor-top-column elementor-element elementor-element-7d833d6\" data-id=\"7d833d6\" data-element_type=\"column\">\n\t\t\t<div class=\"elementor-widget-wrap elementor-element-populated\">\n\t\t\t\t\t\t<div class=\"elementor-element elementor-element-1f07521 elementor-widget elementor-widget-heading\" data-id=\"1f07521\" data-element_type=\"widget\" data-widget_type=\"heading.default\">\n\t\t\t\t<div class=\"elementor-widget-container\">\n\t\t\t\t\t<h2 class=\"elementor-heading-title elementor-size-default\">Kurs mbi Kriterin p\u00ebr Destinacione<\/h2>\t\t\t\t<\/div>\n\t\t\t\t<\/div>\n\t\t\t\t<div class=\"elementor-element elementor-element-145018e elementor-widget elementor-widget-text-editor\" data-id=\"145018e\" data-element_type=\"widget\" data-widget_type=\"text-editor.default\">\n\t\t\t\t<div class=\"elementor-widget-container\">\n\t\t\t\t\t\t\t\t\tBrenda k\u00ebtij kursi ju do t\u00eb m\u00ebsoni p\u00ebr kriterin specific p\u00ebr destinacionet e K\u00ebshillit Global p\u00ebr Q\u00ebndrueshm\u00ebrin\u00eb e Turizmit (Global Sustainable Tourism Council) \u2013 GSTC. Do m\u00ebsoni kriteret dhe se \u00e7far\u00eb do t\u00eb thot\u00eb dhe p\u00ebrmban p\u00ebr ty si destinacion. \t\t\t\t\t\t\t\t<\/div>\n\t\t\t\t<\/div>\n\t\t\t\t<div class=\"elementor-element elementor-element-a2d983a elementor-widget elementor-widget-text-editor\" data-id=\"a2d983a\" data-element_type=\"widget\" data-widget_type=\"text-editor.default\">\n\t\t\t\t<div class=\"elementor-widget-container\">\n\t\t\t\t\t\t\t\t\t<p><span style=\"font-size: 14pt;\"><strong>\u00c7mimi i Kursit: <\/strong> duke nisur nga 50\u20ac (varur nga madh\u00ebsia e grupit)\u00a0 | <strong>Zgjatja:<\/strong> 1 Dit\u00eb<\/span><\/p>\t\t\t\t\t\t\t\t<\/div>\n\t\t\t\t<\/div>\n\t\t\t\t<div class=\"elementor-element elementor-element-d0e92a5 elementor-align-left elementor-widget elementor-widget-button\" data-id=\"d0e92a5\" data-element_type=\"widget\" data-widget_type=\"button.default\">\n\t\t\t\t<div class=\"elementor-widget-container\">\n\t\t\t\t\t\t\t\t\t<div class=\"elementor-button-wrapper\">\n\t\t\t\t\t<a class=\"elementor-button elementor-button-link elementor-size-sm\" href=\"https:\/\/greentirana.com\/sq\/course-on-criteria-for-destinations\/\">\n\t\t\t\t\t\t<span class=\"elementor-button-content-wrapper\">\n\t\t\t\t\t\t\t\t\t<span class=\"elementor-button-text\">Lexo me teper<\/span>\n\t\t\t\t\t<\/span>\n\t\t\t\t\t<\/a>\n\t\t\t\t<\/div>\n\t\t\t\t\t\t\t\t<\/div>\n\t\t\t\t<\/div>\n\t\t\t\t\t<\/div>\n\t\t<\/div>\n\t\t\t\t<div class=\"elementor-column elementor-col-50 elementor-top-column elementor-element elementor-element-a0619eb\" data-id=\"a0619eb\" data-element_type=\"column\">\n\t\t\t<div class=\"elementor-widget-wrap elementor-element-populated\">\n\t\t\t\t\t\t<div class=\"elementor-element elementor-element-6db6577 elementor-widget elementor-widget-image\" data-id=\"6db6577\" data-element_type=\"widget\" data-widget_type=\"image.default\">\n\t\t\t\t<div class=\"elementor-widget-container\">\n\t\t\t\t\t\t\t\t\t\t\t\t\t\t\t<img decoding=\"async\" width=\"600\" height=\"478\" src=\"https:\/\/greentirana.com\/wp-content\/uploads\/2022\/06\/Claudia_Imami_Qeparo._Your_favorite_country_Albania.jpeg-600x478.jpg\" class=\"attachment-woocommerce_single size-woocommerce_single wp-image-12114\" alt=\"\" srcset=\"https:\/\/greentirana.com\/wp-content\/uploads\/2022\/06\/Claudia_Imami_Qeparo._Your_favorite_country_Albania.jpeg-600x478.jpg 600w, https:\/\/greentirana.com\/wp-content\/uploads\/2022\/06\/Claudia_Imami_Qeparo._Your_favorite_country_Albania.jpeg-768x612.jpg 768w, https:\/\/greentirana.com\/wp-content\/uploads\/2022\/06\/Claudia_Imami_Qeparo._Your_favorite_country_Albania.jpeg.jpg 500w\" sizes=\"(max-width: 600px) 100vw, 600px\" \/>\t\t\t\t\t\t\t\t\t\t\t\t\t\t\t<\/div>\n\t\t\t\t<\/div>\n\t\t\t\t\t<\/div>\n\t\t<\/div>\n\t\t\t\t\t<\/div>\n\t\t<\/section>\n\t\t\t\t<section class=\"elementor-section elementor-top-section elementor-element elementor-element-9888052 elementor-section-boxed elementor-section-height-default elementor-section-height-default\" data-id=\"9888052\" data-element_type=\"section\">\n\t\t\t\t\t\t<div class=\"elementor-container elementor-column-gap-default\">\n\t\t\t\t\t<div class=\"elementor-column elementor-col-50 elementor-top-column elementor-element elementor-element-ffe300f\" data-id=\"ffe300f\" data-element_type=\"column\">\n\t\t\t<div class=\"elementor-widget-wrap elementor-element-populated\">\n\t\t\t\t\t\t<div class=\"elementor-element elementor-element-92e4ebe elementor-widget elementor-widget-image\" data-id=\"92e4ebe\" data-element_type=\"widget\" data-widget_type=\"image.default\">\n\t\t\t\t<div class=\"elementor-widget-container\">\n\t\t\t\t\t\t\t\t\t\t\t\t\t\t\t<img decoding=\"async\" src=\"https:\/\/greentirana.com\/wp-content\/uploads\/2022\/06\/Sabian_Hasani_Vermoshi_shadows-1-600x399.jpg\" title=\"Sabian_Hasani,_Vermoshi_shadows (1)\" alt=\"Sabian_Hasani,_Vermoshi_shadows (1)\" loading=\"lazy\" \/>\t\t\t\t\t\t\t\t\t\t\t\t\t\t\t<\/div>\n\t\t\t\t<\/div>\n\t\t\t\t\t<\/div>\n\t\t<\/div>\n\t\t\t\t<div class=\"elementor-column elementor-col-50 elementor-top-column elementor-element elementor-element-861253d\" data-id=\"861253d\" data-element_type=\"column\">\n\t\t\t<div class=\"elementor-widget-wrap elementor-element-populated\">\n\t\t\t\t\t\t<div class=\"elementor-element elementor-element-0e89f23 elementor-widget elementor-widget-heading\" data-id=\"0e89f23\" data-element_type=\"widget\" data-widget_type=\"heading.default\">\n\t\t\t\t<div class=\"elementor-widget-container\">\n\t\t\t\t\t<h2 class=\"elementor-heading-title elementor-size-default\">Kurs mbi kriteret e akomodimit<\/h2>\t\t\t\t<\/div>\n\t\t\t\t<\/div>\n\t\t\t\t<div class=\"elementor-element elementor-element-f449bef elementor-widget elementor-widget-text-editor\" data-id=\"f449bef\" data-element_type=\"widget\" data-widget_type=\"text-editor.default\">\n\t\t\t\t<div class=\"elementor-widget-container\">\n\t\t\t\t\t\t\t\t\tN\u00eb kuad\u00ebr t\u00eb k\u00ebtij kursi do t\u00eb m\u00ebsoni p\u00ebr kriteret specifike p\u00ebr akomodimin e K\u00ebshillit Global t\u00eb Turizmit t\u00eb Q\u00ebndruesh\u00ebm. Do t\u00eb njiheni me kriteret dhe do t\u00eb m\u00ebsoni se \u00e7far\u00eb n\u00ebnkuptojn\u00eb dhe p\u00ebrmbajn\u00eb dhe \u00e7far\u00eb kuptimi kan\u00eb p\u00ebr ju si nj\u00ebsi akomodimi.\t\t\t\t\t\t\t\t<\/div>\n\t\t\t\t<\/div>\n\t\t\t\t<div class=\"elementor-element elementor-element-f1501c8 elementor-widget elementor-widget-text-editor\" data-id=\"f1501c8\" data-element_type=\"widget\" data-widget_type=\"text-editor.default\">\n\t\t\t\t<div class=\"elementor-widget-container\">\n\t\t\t\t\t\t\t\t\t<p><span style=\"font-size: 14pt;\"><strong>\u00c7mimi i Kursit:<\/strong> duke nisur nga 50\u20ac (varur nga madh\u00ebsia e grupit)\u00a0 | <strong>Zgjatja:<\/strong> 1 Dit\u00eb<\/span><\/p>\t\t\t\t\t\t\t\t<\/div>\n\t\t\t\t<\/div>\n\t\t\t\t<div class=\"elementor-element elementor-element-3942493 elementor-align-left elementor-widget elementor-widget-button\" data-id=\"3942493\" data-element_type=\"widget\" data-widget_type=\"button.default\">\n\t\t\t\t<div class=\"elementor-widget-container\">\n\t\t\t\t\t\t\t\t\t<div class=\"elementor-button-wrapper\">\n\t\t\t\t\t<a class=\"elementor-button elementor-button-link elementor-size-sm\" href=\"https:\/\/greentirana.com\/sq\/course-on-criteria-for-accommodation\/\">\n\t\t\t\t\t\t<span class=\"elementor-button-content-wrapper\">\n\t\t\t\t\t\t\t\t\t<span class=\"elementor-button-text\">Lexo me teper<\/span>\n\t\t\t\t\t<\/span>\n\t\t\t\t\t<\/a>\n\t\t\t\t<\/div>\n\t\t\t\t\t\t\t\t<\/div>\n\t\t\t\t<\/div>\n\t\t\t\t\t<\/div>\n\t\t<\/div>\n\t\t\t\t\t<\/div>\n\t\t<\/section>\n\t\t\t\t<\/div>\n\t\t","protected":false},"excerpt":{"rendered":"<p>Kurse Baz\u00eb mbi Q\u00ebndrueshm\u00ebrin\u00eb N\u00eb k\u00ebt\u00eb kurs do t\u00eb m\u00ebsosh se cfar\u00eb do t\u00eb thot\u00eb t\u00eb q\u00ebnurit i q\u00ebndruesh\u00ebm dhe \u00e7far\u00eb mund t\u00eb b\u00ebsh. Duke njohur principet baz\u00eb dhe kuptimin e konceptit t\u00eb q\u00ebndrueshm\u00ebris\u00eb \u00ebsht\u00eb hapi i par\u00eb p\u00ebr nj\u00eb t\u00eb ardhme m\u00eb t\u00eb mir\u00eb dhe turiz\u00ebm m\u00eb t\u00eb fort\u00eb.\u00c7mimi i Kursit: \u00a0duke nisur nga [&hellip;]<\/p>\n","protected":false},"author":2,"featured_media":14363,"parent":0,"menu_order":0,"comment_status":"closed","ping_status":"closed","template":"","meta":{"footnotes":""},"class_list":["post-14014","page","type-page","status-publish","has-post-thumbnail","hentry"],"yoast_head":"<!-- This site is optimized with the Yoast SEO plugin v25.1 - https:\/\/yoast.com\/wordpress\/plugins\/seo\/ -->\n<title>Trajnimet - Green Tirana<\/title>\n<meta name=\"robots\" content=\"index, follow, max-snippet:-1, max-image-preview:large, max-video-preview:-1\" \/>\n<link rel=\"canonical\" href=\"https:\/\/greentirana.com\/sustainability\/\" \/>\n<meta property=\"og:locale\" content=\"sq_AL\" \/>\n<meta property=\"og:type\" content=\"article\" \/>\n<meta property=\"og:title\" content=\"Trajnimet - Green Tirana\" \/>\n<meta property=\"og:description\" content=\"Kurse Baz\u00eb mbi Q\u00ebndrueshm\u00ebrin\u00eb N\u00eb k\u00ebt\u00eb kurs do t\u00eb m\u00ebsosh se cfar\u00eb do t\u00eb thot\u00eb t\u00eb q\u00ebnurit i q\u00ebndruesh\u00ebm dhe \u00e7far\u00eb mund t\u00eb b\u00ebsh. Duke njohur principet baz\u00eb dhe kuptimin e konceptit t\u00eb q\u00ebndrueshm\u00ebris\u00eb \u00ebsht\u00eb hapi i par\u00eb p\u00ebr nj\u00eb t\u00eb ardhme m\u00eb t\u00eb mir\u00eb dhe turiz\u00ebm m\u00eb t\u00eb fort\u00eb.\u00c7mimi i Kursit: \u00a0duke nisur nga [&hellip;]\" \/>\n<meta property=\"og:url\" content=\"https:\/\/greentirana.com\/sustainability\/\" \/>\n<meta property=\"og:site_name\" content=\"Green Tirana\" \/>\n<meta property=\"article:publisher\" content=\"https:\/\/www.facebook.com\/dmoalbania\/\" \/>\n<meta property=\"article:modified_time\" content=\"2022-09-27T11:59:51+00:00\" \/>\n<meta property=\"og:image\" content=\"https:\/\/greentirana.com\/wp-content\/uploads\/2022\/11\/Kejsi-Blaceri-the-touch1.jpeg\" \/>\n\t<meta property=\"og:image:width\" content=\"950\" \/>\n\t<meta property=\"og:image:height\" content=\"453\" \/>\n\t<meta property=\"og:image:type\" content=\"image\/jpeg\" \/>\n<meta name=\"twitter:card\" content=\"summary_large_image\" \/>\n<meta name=\"twitter:site\" content=\"@dmoalbania\" \/>\n<meta name=\"twitter:label1\" content=\"Est. reading time\" \/>\n\t<meta name=\"twitter:data1\" content=\"1 minute\" \/>\n<script type=\"application\/ld+json\" class=\"yoast-schema-graph\">{\"@context\":\"https:\/\/schema.org\",\"@graph\":[{\"@type\":\"WebPage\",\"@id\":\"https:\/\/greentirana.com\/sustainability\/\",\"url\":\"https:\/\/greentirana.com\/sustainability\/\",\"name\":\"Trajnimet - Green Tirana\",\"isPartOf\":{\"@id\":\"https:\/\/greentirana.com\/#website\"},\"primaryImageOfPage\":{\"@id\":\"https:\/\/greentirana.com\/sustainability\/#primaryimage\"},\"image\":{\"@id\":\"https:\/\/greentirana.com\/sustainability\/#primaryimage\"},\"thumbnailUrl\":\"https:\/\/greentirana.com\/wp-content\/uploads\/2022\/11\/Kejsi-Blaceri-the-touch1.jpeg\",\"datePublished\":\"2022-05-30T09:52:11+00:00\",\"dateModified\":\"2022-09-27T11:59:51+00:00\",\"breadcrumb\":{\"@id\":\"https:\/\/greentirana.com\/sustainability\/#breadcrumb\"},\"inLanguage\":\"sq-AL\",\"potentialAction\":[{\"@type\":\"ReadAction\",\"target\":[\"https:\/\/greentirana.com\/sustainability\/\"]}]},{\"@type\":\"ImageObject\",\"inLanguage\":\"sq-AL\",\"@id\":\"https:\/\/greentirana.com\/sustainability\/#primaryimage\",\"url\":\"https:\/\/greentirana.com\/wp-content\/uploads\/2022\/11\/Kejsi-Blaceri-the-touch1.jpeg\",\"contentUrl\":\"https:\/\/greentirana.com\/wp-content\/uploads\/2022\/11\/Kejsi-Blaceri-the-touch1.jpeg\",\"width\":950,\"height\":453},{\"@type\":\"BreadcrumbList\",\"@id\":\"https:\/\/greentirana.com\/sustainability\/#breadcrumb\",\"itemListElement\":[{\"@type\":\"ListItem\",\"position\":1,\"name\":\"Home\",\"item\":\"https:\/\/greentirana.com\/\"},{\"@type\":\"ListItem\",\"position\":2,\"name\":\"Trajnimet\"}]},{\"@type\":\"WebSite\",\"@id\":\"https:\/\/greentirana.com\/#website\",\"url\":\"https:\/\/greentirana.com\/\",\"name\":\"Green Tirana\",\"description\":\"Special information on green travels &amp; tourism\",\"publisher\":{\"@id\":\"https:\/\/greentirana.com\/#organization\"},\"potentialAction\":[{\"@type\":\"SearchAction\",\"target\":{\"@type\":\"EntryPoint\",\"urlTemplate\":\"https:\/\/greentirana.com\/?s={search_term_string}\"},\"query-input\":{\"@type\":\"PropertyValueSpecification\",\"valueRequired\":true,\"valueName\":\"search_term_string\"}}],\"inLanguage\":\"sq-AL\"},{\"@type\":\"Organization\",\"@id\":\"https:\/\/greentirana.com\/#organization\",\"name\":\"Dmo Albania\",\"url\":\"https:\/\/greentirana.com\/\",\"logo\":{\"@type\":\"ImageObject\",\"inLanguage\":\"sq-AL\",\"@id\":\"https:\/\/greentirana.com\/#\/schema\/logo\/image\/\",\"url\":\"https:\/\/greentirana.com\/wp-content\/uploads\/2019\/05\/GreenTirana-12-1.png\",\"contentUrl\":\"https:\/\/greentirana.com\/wp-content\/uploads\/2019\/05\/GreenTirana-12-1.png\",\"width\":258,\"height\":195,\"caption\":\"Dmo Albania\"},\"image\":{\"@id\":\"https:\/\/greentirana.com\/#\/schema\/logo\/image\/\"},\"sameAs\":[\"https:\/\/www.facebook.com\/dmoalbania\/\",\"https:\/\/x.com\/dmoalbania\",\"https:\/\/www.instagram.com\/p\/CVU4n0GIKSs\/\"]}]}<\/script>\n<!-- \/ Yoast SEO plugin. -->","yoast_head_json":{"title":"Trajnimet - Green Tirana","robots":{"index":"index","follow":"follow","max-snippet":"max-snippet:-1","max-image-preview":"max-image-preview:large","max-video-preview":"max-video-preview:-1"},"canonical":"https:\/\/greentirana.com\/sustainability\/","og_locale":"sq_AL","og_type":"article","og_title":"Trajnimet - Green Tirana","og_description":"Kurse Baz\u00eb mbi Q\u00ebndrueshm\u00ebrin\u00eb N\u00eb k\u00ebt\u00eb kurs do t\u00eb m\u00ebsosh se cfar\u00eb do t\u00eb thot\u00eb t\u00eb q\u00ebnurit i q\u00ebndruesh\u00ebm dhe \u00e7far\u00eb mund t\u00eb b\u00ebsh. Duke njohur principet baz\u00eb dhe kuptimin e konceptit t\u00eb q\u00ebndrueshm\u00ebris\u00eb \u00ebsht\u00eb hapi i par\u00eb p\u00ebr nj\u00eb t\u00eb ardhme m\u00eb t\u00eb mir\u00eb dhe turiz\u00ebm m\u00eb t\u00eb fort\u00eb.\u00c7mimi i Kursit: \u00a0duke nisur nga [&hellip;]","og_url":"https:\/\/greentirana.com\/sustainability\/","og_site_name":"Green Tirana","article_publisher":"https:\/\/www.facebook.com\/dmoalbania\/","article_modified_time":"2022-09-27T11:59:51+00:00","og_image":[{"width":950,"height":453,"url":"https:\/\/greentirana.com\/wp-content\/uploads\/2022\/11\/Kejsi-Blaceri-the-touch1.jpeg","type":"image\/jpeg"}],"twitter_card":"summary_large_image","twitter_site":"@dmoalbania","twitter_misc":{"Est. reading time":"1 minute"},"schema":{"@context":"https:\/\/schema.org","@graph":[{"@type":"WebPage","@id":"https:\/\/greentirana.com\/sustainability\/","url":"https:\/\/greentirana.com\/sustainability\/","name":"Trajnimet - Green Tirana","isPartOf":{"@id":"https:\/\/greentirana.com\/#website"},"primaryImageOfPage":{"@id":"https:\/\/greentirana.com\/sustainability\/#primaryimage"},"image":{"@id":"https:\/\/greentirana.com\/sustainability\/#primaryimage"},"thumbnailUrl":"https:\/\/greentirana.com\/wp-content\/uploads\/2022\/11\/Kejsi-Blaceri-the-touch1.jpeg","datePublished":"2022-05-30T09:52:11+00:00","dateModified":"2022-09-27T11:59:51+00:00","breadcrumb":{"@id":"https:\/\/greentirana.com\/sustainability\/#breadcrumb"},"inLanguage":"sq-AL","potentialAction":[{"@type":"ReadAction","target":["https:\/\/greentirana.com\/sustainability\/"]}]},{"@type":"ImageObject","inLanguage":"sq-AL","@id":"https:\/\/greentirana.com\/sustainability\/#primaryimage","url":"https:\/\/greentirana.com\/wp-content\/uploads\/2022\/11\/Kejsi-Blaceri-the-touch1.jpeg","contentUrl":"https:\/\/greentirana.com\/wp-content\/uploads\/2022\/11\/Kejsi-Blaceri-the-touch1.jpeg","width":950,"height":453},{"@type":"BreadcrumbList","@id":"https:\/\/greentirana.com\/sustainability\/#breadcrumb","itemListElement":[{"@type":"ListItem","position":1,"name":"Home","item":"https:\/\/greentirana.com\/"},{"@type":"ListItem","position":2,"name":"Trajnimet"}]},{"@type":"WebSite","@id":"https:\/\/greentirana.com\/#website","url":"https:\/\/greentirana.com\/","name":"Green Tirana","description":"Special information on green travels &amp; tourism","publisher":{"@id":"https:\/\/greentirana.com\/#organization"},"potentialAction":[{"@type":"SearchAction","target":{"@type":"EntryPoint","urlTemplate":"https:\/\/greentirana.com\/?s={search_term_string}"},"query-input":{"@type":"PropertyValueSpecification","valueRequired":true,"valueName":"search_term_string"}}],"inLanguage":"sq-AL"},{"@type":"Organization","@id":"https:\/\/greentirana.com\/#organization","name":"Dmo Albania","url":"https:\/\/greentirana.com\/","logo":{"@type":"ImageObject","inLanguage":"sq-AL","@id":"https:\/\/greentirana.com\/#\/schema\/logo\/image\/","url":"https:\/\/greentirana.com\/wp-content\/uploads\/2019\/05\/GreenTirana-12-1.png","contentUrl":"https:\/\/greentirana.com\/wp-content\/uploads\/2019\/05\/GreenTirana-12-1.png","width":258,"height":195,"caption":"Dmo Albania"},"image":{"@id":"https:\/\/greentirana.com\/#\/schema\/logo\/image\/"},"sameAs":["https:\/\/www.facebook.com\/dmoalbania\/","https:\/\/x.com\/dmoalbania","https:\/\/www.instagram.com\/p\/CVU4n0GIKSs\/"]}]}},"_links":{"self":[{"href":"https:\/\/greentirana.com\/sq\/wp-json\/wp\/v2\/pages\/14014","targetHints":{"allow":["GET"]}}],"collection":[{"href":"https:\/\/greentirana.com\/sq\/wp-json\/wp\/v2\/pages"}],"about":[{"href":"https:\/\/greentirana.com\/sq\/wp-json\/wp\/v2\/types\/page"}],"author":[{"embeddable":true,"href":"https:\/\/greentirana.com\/sq\/wp-json\/wp\/v2\/users\/2"}],"replies":[{"embeddable":true,"href":"https:\/\/greentirana.com\/sq\/wp-json\/wp\/v2\/comments?post=14014"}],"version-history":[{"count":16,"href":"https:\/\/greentirana.com\/sq\/wp-json\/wp\/v2\/pages\/14014\/revisions"}],"predecessor-version":[{"id":14051,"href":"https:\/\/greentirana.com\/sq\/wp-json\/wp\/v2\/pages\/14014\/revisions\/14051"}],"wp:featuredmedia":[{"embeddable":true,"href":"https:\/\/greentirana.com\/sq\/wp-json\/wp\/v2\/media\/14363"}],"wp:attachment":[{"href":"https:\/\/greentirana.com\/sq\/wp-json\/wp\/v2\/media?parent=14014"}],"curies":[{"name":"wp","href":"https:\/\/api.w.org\/{rel}","templated":true}]}}