{"id":14009,"date":"2022-05-06T09:59:08","date_gmt":"2022-05-06T09:59:08","guid":{"rendered":"https:\/\/greentirana.com\/why-green-tirana\/"},"modified":"2022-09-27T11:36:36","modified_gmt":"2022-09-27T11:36:36","slug":"why-green-tirana","status":"publish","type":"page","link":"https:\/\/greentirana.com\/sq\/why-green-tirana\/","title":{"rendered":"Pse Green Tirana"},"content":{"rendered":"\t\t<div data-elementor-type=\"wp-page\" data-elementor-id=\"14009\" class=\"elementor elementor-14009\">\n\t\t\t\t\t\t<section class=\"elementor-section elementor-top-section elementor-element elementor-element-8e80613 elementor-section-boxed elementor-section-height-default elementor-section-height-default\" data-id=\"8e80613\" data-element_type=\"section\">\n\t\t\t\t\t\t<div class=\"elementor-container elementor-column-gap-default\">\n\t\t\t\t\t<div class=\"elementor-column elementor-col-50 elementor-top-column elementor-element elementor-element-09fe28f\" data-id=\"09fe28f\" data-element_type=\"column\">\n\t\t\t<div class=\"elementor-widget-wrap elementor-element-populated\">\n\t\t\t\t\t\t<div class=\"elementor-element elementor-element-10c9952 elementor-widget elementor-widget-heading\" data-id=\"10c9952\" data-element_type=\"widget\" data-widget_type=\"heading.default\">\n\t\t\t\t<div class=\"elementor-widget-container\">\n\t\t\t\t\t<h2 class=\"elementor-heading-title elementor-size-default\">Pse Green Tirana<\/h2>\t\t\t\t<\/div>\n\t\t\t\t<\/div>\n\t\t\t\t<div class=\"elementor-element elementor-element-499af6a elementor-widget elementor-widget-text-editor\" data-id=\"499af6a\" data-element_type=\"widget\" data-widget_type=\"text-editor.default\">\n\t\t\t\t<div class=\"elementor-widget-container\">\n\t\t\t\t\t\t\t\t\t<p>Jeta e q\u00ebndrueshme dhe udh\u00ebtimi jan\u00eb b\u00ebr\u00eb popullore vitet e fundit, me shum\u00eb e m\u00eb shum\u00eb persona q\u00eb kuptojn\u00eb r\u00ebnd\u00ebsin\u00eb e saj, q\u00eb e b\u00ebn grupin e synuar n\u00eb k\u00ebt\u00eb lloj turizmi t\u00eb rritet vazhdimisht. Ne menduam q\u00eb erdhi momenti q\u00eb destinacioni i Tiran\u00ebs t\u00eb b\u00ebhet pjes\u00eb dhe ta p\u00ebrdor\u00eb k\u00ebt\u00eb \u201ctrend\u201d t\u00eb ri p\u00ebr t\u00eb mir\u00ebn e vet. Ne jemi gjithashtu koshient\u00eb q\u00eb \u00ebsht\u00eb e ardhmja e vetme e turizmit , e vetmja mund\u00ebsi afatgjat\u00eb. Nuk \u00ebsht\u00eb e r\u00ebnd\u00ebsishme vet\u00ebm p\u00ebr turizmin n\u00eb vetvete q\u00eb t\u00eb b\u00ebhet m\u00eb i q\u00ebndruesh\u00ebm, por dhe p\u00ebr komunitetet lokale, kultur\u00ebn dhe traditat e tyre, natyr\u00ebn dhe p\u00ebr vet\u00eb turist\u00ebt. Ne q\u00ebllimisht vendos\u00ebm t\u00eb fillonim vet\u00ebm me Tiran\u00ebn dhe fshatrat rreth saj, fillimi me hapa t\u00eb vegj\u00ebl dhe vendas \u00ebsht\u00eb e vetmja m\u00ebnyr\u00eb n\u00eb syt\u00eb tan\u00eb p\u00ebr t\u00eb shtyr\u00eb n\u00eb nj\u00eb ndryshim dhe q\u00eb ta b\u00ebjm\u00eb k\u00ebt\u00eb ndryshim t\u00eb ndodh\u00eb.Gjithashtu, ne d\u00ebshirojm\u00eb t\u00eb suportojm\u00eb disa nga zonat e n\u00ebnvler\u00ebsuara rreth Tiran\u00ebs. Ju nuk keni nevoj\u00eb t\u00eb udh\u00ebtoni larg p\u00ebr t\u00eb p\u00ebrjetuar kultur\u00ebn shqiptare dhe p\u00ebr t\u00eb eksploruar bukurin\u00eb e k\u00ebtij vendi, sidomos n\u00ebse \u00ebsht\u00eb vet\u00ebm p\u00ebr nj\u00eb dit\u00eb. Ne d\u00ebshirojm\u00eb t\u2019ju tregojm\u00eb sa e mrekullueshme mund t\u00eb jet\u00eb kjo zon\u00eb.<\/p>\t\t\t\t\t\t\t\t<\/div>\n\t\t\t\t<\/div>\n\t\t\t\t\t<\/div>\n\t\t<\/div>\n\t\t\t\t<div class=\"elementor-column elementor-col-50 elementor-top-column elementor-element elementor-element-9c9b862\" data-id=\"9c9b862\" data-element_type=\"column\">\n\t\t\t<div class=\"elementor-widget-wrap elementor-element-populated\">\n\t\t\t\t\t\t<div class=\"elementor-element elementor-element-33f0445 elementor-invisible elementor-widget elementor-widget-image\" data-id=\"33f0445\" data-element_type=\"widget\" data-settings=\"{&quot;_animation&quot;:&quot;fadeInRight&quot;}\" data-widget_type=\"image.default\">\n\t\t\t\t<div class=\"elementor-widget-container\">\n\t\t\t\t\t\t\t\t\t\t\t\t\t\t\t<img fetchpriority=\"high\" decoding=\"async\" width=\"372\" height=\"500\" src=\"https:\/\/greentirana.com\/wp-content\/uploads\/2022\/06\/Kristina_Nishku_Shengjergj_Waterfall-2-1.jpg\" class=\"attachment-full size-full wp-image-12088\" alt=\"\" srcset=\"https:\/\/greentirana.com\/wp-content\/uploads\/2022\/06\/Kristina_Nishku_Shengjergj_Waterfall-2-1.jpg 372w, https:\/\/greentirana.com\/wp-content\/uploads\/2022\/06\/Kristina_Nishku_Shengjergj_Waterfall-2-1-768x1032.jpg 768w, https:\/\/greentirana.com\/wp-content\/uploads\/2022\/06\/Kristina_Nishku_Shengjergj_Waterfall-2-1-600x806.jpg 600w\" sizes=\"(max-width: 372px) 100vw, 372px\" \/>\t\t\t\t\t\t\t\t\t\t\t\t\t\t\t<\/div>\n\t\t\t\t<\/div>\n\t\t\t\t\t<\/div>\n\t\t<\/div>\n\t\t\t\t\t<\/div>\n\t\t<\/section>\n\t\t\t\t<\/div>\n\t\t","protected":false},"excerpt":{"rendered":"<p>Pse Green Tirana Jeta e q\u00ebndrueshme dhe udh\u00ebtimi jan\u00eb b\u00ebr\u00eb popullore vitet e fundit, me shum\u00eb e m\u00eb shum\u00eb persona q\u00eb kuptojn\u00eb r\u00ebnd\u00ebsin\u00eb e saj, q\u00eb e b\u00ebn grupin e synuar n\u00eb k\u00ebt\u00eb lloj turizmi t\u00eb rritet vazhdimisht. Ne menduam q\u00eb erdhi momenti q\u00eb destinacioni i Tiran\u00ebs t\u00eb b\u00ebhet pjes\u00eb dhe ta p\u00ebrdor\u00eb k\u00ebt\u00eb \u201ctrend\u201d [&hellip;]<\/p>\n","protected":false},"author":2,"featured_media":14371,"parent":0,"menu_order":0,"comment_status":"closed","ping_status":"closed","template":"template-fullwidth.php","meta":{"footnotes":""},"class_list":["post-14009","page","type-page","status-publish","has-post-thumbnail","hentry"],"yoast_head":"<!-- This site is optimized with the Yoast SEO plugin v25.1 - https:\/\/yoast.com\/wordpress\/plugins\/seo\/ -->\n<title>Pse Green Tirana - Green Tirana<\/title>\n<meta name=\"robots\" content=\"index, follow, max-snippet:-1, max-image-preview:large, max-video-preview:-1\" \/>\n<link rel=\"canonical\" href=\"https:\/\/greentirana.com\/why-green-tirana\/\" \/>\n<meta property=\"og:locale\" content=\"sq_AL\" \/>\n<meta property=\"og:type\" content=\"article\" \/>\n<meta property=\"og:title\" content=\"Pse Green Tirana - Green Tirana\" \/>\n<meta property=\"og:description\" content=\"Pse Green Tirana Jeta e q\u00ebndrueshme dhe udh\u00ebtimi jan\u00eb b\u00ebr\u00eb popullore vitet e fundit, me shum\u00eb e m\u00eb shum\u00eb persona q\u00eb kuptojn\u00eb r\u00ebnd\u00ebsin\u00eb e saj, q\u00eb e b\u00ebn grupin e synuar n\u00eb k\u00ebt\u00eb lloj turizmi t\u00eb rritet vazhdimisht. Ne menduam q\u00eb erdhi momenti q\u00eb destinacioni i Tiran\u00ebs t\u00eb b\u00ebhet pjes\u00eb dhe ta p\u00ebrdor\u00eb k\u00ebt\u00eb \u201ctrend\u201d [&hellip;]\" \/>\n<meta property=\"og:url\" content=\"https:\/\/greentirana.com\/why-green-tirana\/\" \/>\n<meta property=\"og:site_name\" content=\"Green Tirana\" \/>\n<meta property=\"article:publisher\" content=\"https:\/\/www.facebook.com\/dmoalbania\/\" \/>\n<meta property=\"article:modified_time\" content=\"2022-09-27T11:36:36+00:00\" \/>\n<meta property=\"og:image\" content=\"https:\/\/greentirana.com\/wp-content\/uploads\/2022\/11\/Sabian-Hasani-Tirana-from-the-clouds-Farka-Lake1.jpg\" \/>\n\t<meta property=\"og:image:width\" content=\"950\" \/>\n\t<meta property=\"og:image:height\" content=\"505\" \/>\n\t<meta property=\"og:image:type\" content=\"image\/jpeg\" \/>\n<meta name=\"twitter:card\" content=\"summary_large_image\" \/>\n<meta name=\"twitter:site\" content=\"@dmoalbania\" \/>\n<meta name=\"twitter:label1\" content=\"Est. reading time\" \/>\n\t<meta name=\"twitter:data1\" content=\"1 minute\" \/>\n<script type=\"application\/ld+json\" class=\"yoast-schema-graph\">{\"@context\":\"https:\/\/schema.org\",\"@graph\":[{\"@type\":\"WebPage\",\"@id\":\"https:\/\/greentirana.com\/why-green-tirana\/\",\"url\":\"https:\/\/greentirana.com\/why-green-tirana\/\",\"name\":\"Pse Green Tirana - Green Tirana\",\"isPartOf\":{\"@id\":\"https:\/\/greentirana.com\/#website\"},\"primaryImageOfPage\":{\"@id\":\"https:\/\/greentirana.com\/why-green-tirana\/#primaryimage\"},\"image\":{\"@id\":\"https:\/\/greentirana.com\/why-green-tirana\/#primaryimage\"},\"thumbnailUrl\":\"https:\/\/greentirana.com\/wp-content\/uploads\/2022\/11\/Sabian-Hasani-Tirana-from-the-clouds-Farka-Lake1.jpg\",\"datePublished\":\"2022-05-06T09:59:08+00:00\",\"dateModified\":\"2022-09-27T11:36:36+00:00\",\"breadcrumb\":{\"@id\":\"https:\/\/greentirana.com\/why-green-tirana\/#breadcrumb\"},\"inLanguage\":\"sq-AL\",\"potentialAction\":[{\"@type\":\"ReadAction\",\"target\":[\"https:\/\/greentirana.com\/why-green-tirana\/\"]}]},{\"@type\":\"ImageObject\",\"inLanguage\":\"sq-AL\",\"@id\":\"https:\/\/greentirana.com\/why-green-tirana\/#primaryimage\",\"url\":\"https:\/\/greentirana.com\/wp-content\/uploads\/2022\/11\/Sabian-Hasani-Tirana-from-the-clouds-Farka-Lake1.jpg\",\"contentUrl\":\"https:\/\/greentirana.com\/wp-content\/uploads\/2022\/11\/Sabian-Hasani-Tirana-from-the-clouds-Farka-Lake1.jpg\",\"width\":950,\"height\":505},{\"@type\":\"BreadcrumbList\",\"@id\":\"https:\/\/greentirana.com\/why-green-tirana\/#breadcrumb\",\"itemListElement\":[{\"@type\":\"ListItem\",\"position\":1,\"name\":\"Home\",\"item\":\"https:\/\/greentirana.com\/\"},{\"@type\":\"ListItem\",\"position\":2,\"name\":\"Pse Green Tirana\"}]},{\"@type\":\"WebSite\",\"@id\":\"https:\/\/greentirana.com\/#website\",\"url\":\"https:\/\/greentirana.com\/\",\"name\":\"Green Tirana\",\"description\":\"Special information on green travels &amp; tourism\",\"publisher\":{\"@id\":\"https:\/\/greentirana.com\/#organization\"},\"potentialAction\":[{\"@type\":\"SearchAction\",\"target\":{\"@type\":\"EntryPoint\",\"urlTemplate\":\"https:\/\/greentirana.com\/?s={search_term_string}\"},\"query-input\":{\"@type\":\"PropertyValueSpecification\",\"valueRequired\":true,\"valueName\":\"search_term_string\"}}],\"inLanguage\":\"sq-AL\"},{\"@type\":\"Organization\",\"@id\":\"https:\/\/greentirana.com\/#organization\",\"name\":\"Dmo Albania\",\"url\":\"https:\/\/greentirana.com\/\",\"logo\":{\"@type\":\"ImageObject\",\"inLanguage\":\"sq-AL\",\"@id\":\"https:\/\/greentirana.com\/#\/schema\/logo\/image\/\",\"url\":\"https:\/\/greentirana.com\/wp-content\/uploads\/2019\/05\/GreenTirana-12-1.png\",\"contentUrl\":\"https:\/\/greentirana.com\/wp-content\/uploads\/2019\/05\/GreenTirana-12-1.png\",\"width\":258,\"height\":195,\"caption\":\"Dmo Albania\"},\"image\":{\"@id\":\"https:\/\/greentirana.com\/#\/schema\/logo\/image\/\"},\"sameAs\":[\"https:\/\/www.facebook.com\/dmoalbania\/\",\"https:\/\/x.com\/dmoalbania\",\"https:\/\/www.instagram.com\/p\/CVU4n0GIKSs\/\"]}]}<\/script>\n<!-- \/ Yoast SEO plugin. -->","yoast_head_json":{"title":"Pse Green Tirana - Green Tirana","robots":{"index":"index","follow":"follow","max-snippet":"max-snippet:-1","max-image-preview":"max-image-preview:large","max-video-preview":"max-video-preview:-1"},"canonical":"https:\/\/greentirana.com\/why-green-tirana\/","og_locale":"sq_AL","og_type":"article","og_title":"Pse Green Tirana - Green Tirana","og_description":"Pse Green Tirana Jeta e q\u00ebndrueshme dhe udh\u00ebtimi jan\u00eb b\u00ebr\u00eb popullore vitet e fundit, me shum\u00eb e m\u00eb shum\u00eb persona q\u00eb kuptojn\u00eb r\u00ebnd\u00ebsin\u00eb e saj, q\u00eb e b\u00ebn grupin e synuar n\u00eb k\u00ebt\u00eb lloj turizmi t\u00eb rritet vazhdimisht. Ne menduam q\u00eb erdhi momenti q\u00eb destinacioni i Tiran\u00ebs t\u00eb b\u00ebhet pjes\u00eb dhe ta p\u00ebrdor\u00eb k\u00ebt\u00eb \u201ctrend\u201d [&hellip;]","og_url":"https:\/\/greentirana.com\/why-green-tirana\/","og_site_name":"Green Tirana","article_publisher":"https:\/\/www.facebook.com\/dmoalbania\/","article_modified_time":"2022-09-27T11:36:36+00:00","og_image":[{"width":950,"height":505,"url":"https:\/\/greentirana.com\/wp-content\/uploads\/2022\/11\/Sabian-Hasani-Tirana-from-the-clouds-Farka-Lake1.jpg","type":"image\/jpeg"}],"twitter_card":"summary_large_image","twitter_site":"@dmoalbania","twitter_misc":{"Est. reading time":"1 minute"},"schema":{"@context":"https:\/\/schema.org","@graph":[{"@type":"WebPage","@id":"https:\/\/greentirana.com\/why-green-tirana\/","url":"https:\/\/greentirana.com\/why-green-tirana\/","name":"Pse Green Tirana - Green Tirana","isPartOf":{"@id":"https:\/\/greentirana.com\/#website"},"primaryImageOfPage":{"@id":"https:\/\/greentirana.com\/why-green-tirana\/#primaryimage"},"image":{"@id":"https:\/\/greentirana.com\/why-green-tirana\/#primaryimage"},"thumbnailUrl":"https:\/\/greentirana.com\/wp-content\/uploads\/2022\/11\/Sabian-Hasani-Tirana-from-the-clouds-Farka-Lake1.jpg","datePublished":"2022-05-06T09:59:08+00:00","dateModified":"2022-09-27T11:36:36+00:00","breadcrumb":{"@id":"https:\/\/greentirana.com\/why-green-tirana\/#breadcrumb"},"inLanguage":"sq-AL","potentialAction":[{"@type":"ReadAction","target":["https:\/\/greentirana.com\/why-green-tirana\/"]}]},{"@type":"ImageObject","inLanguage":"sq-AL","@id":"https:\/\/greentirana.com\/why-green-tirana\/#primaryimage","url":"https:\/\/greentirana.com\/wp-content\/uploads\/2022\/11\/Sabian-Hasani-Tirana-from-the-clouds-Farka-Lake1.jpg","contentUrl":"https:\/\/greentirana.com\/wp-content\/uploads\/2022\/11\/Sabian-Hasani-Tirana-from-the-clouds-Farka-Lake1.jpg","width":950,"height":505},{"@type":"BreadcrumbList","@id":"https:\/\/greentirana.com\/why-green-tirana\/#breadcrumb","itemListElement":[{"@type":"ListItem","position":1,"name":"Home","item":"https:\/\/greentirana.com\/"},{"@type":"ListItem","position":2,"name":"Pse Green Tirana"}]},{"@type":"WebSite","@id":"https:\/\/greentirana.com\/#website","url":"https:\/\/greentirana.com\/","name":"Green Tirana","description":"Special information on green travels &amp; tourism","publisher":{"@id":"https:\/\/greentirana.com\/#organization"},"potentialAction":[{"@type":"SearchAction","target":{"@type":"EntryPoint","urlTemplate":"https:\/\/greentirana.com\/?s={search_term_string}"},"query-input":{"@type":"PropertyValueSpecification","valueRequired":true,"valueName":"search_term_string"}}],"inLanguage":"sq-AL"},{"@type":"Organization","@id":"https:\/\/greentirana.com\/#organization","name":"Dmo Albania","url":"https:\/\/greentirana.com\/","logo":{"@type":"ImageObject","inLanguage":"sq-AL","@id":"https:\/\/greentirana.com\/#\/schema\/logo\/image\/","url":"https:\/\/greentirana.com\/wp-content\/uploads\/2019\/05\/GreenTirana-12-1.png","contentUrl":"https:\/\/greentirana.com\/wp-content\/uploads\/2019\/05\/GreenTirana-12-1.png","width":258,"height":195,"caption":"Dmo Albania"},"image":{"@id":"https:\/\/greentirana.com\/#\/schema\/logo\/image\/"},"sameAs":["https:\/\/www.facebook.com\/dmoalbania\/","https:\/\/x.com\/dmoalbania","https:\/\/www.instagram.com\/p\/CVU4n0GIKSs\/"]}]}},"_links":{"self":[{"href":"https:\/\/greentirana.com\/sq\/wp-json\/wp\/v2\/pages\/14009","targetHints":{"allow":["GET"]}}],"collection":[{"href":"https:\/\/greentirana.com\/sq\/wp-json\/wp\/v2\/pages"}],"about":[{"href":"https:\/\/greentirana.com\/sq\/wp-json\/wp\/v2\/types\/page"}],"author":[{"embeddable":true,"href":"https:\/\/greentirana.com\/sq\/wp-json\/wp\/v2\/users\/2"}],"replies":[{"embeddable":true,"href":"https:\/\/greentirana.com\/sq\/wp-json\/wp\/v2\/comments?post=14009"}],"version-history":[{"count":3,"href":"https:\/\/greentirana.com\/sq\/wp-json\/wp\/v2\/pages\/14009\/revisions"}],"predecessor-version":[{"id":14013,"href":"https:\/\/greentirana.com\/sq\/wp-json\/wp\/v2\/pages\/14009\/revisions\/14013"}],"wp:featuredmedia":[{"embeddable":true,"href":"https:\/\/greentirana.com\/sq\/wp-json\/wp\/v2\/media\/14371"}],"wp:attachment":[{"href":"https:\/\/greentirana.com\/sq\/wp-json\/wp\/v2\/media?parent=14009"}],"curies":[{"name":"wp","href":"https:\/\/api.w.org\/{rel}","templated":true}]}}