{"id":13997,"date":"2018-12-10T03:06:47","date_gmt":"2018-12-10T03:06:47","guid":{"rendered":"https:\/\/greentirana.com\/about-us\/"},"modified":"2022-09-27T13:12:23","modified_gmt":"2022-09-27T13:12:23","slug":"about-us","status":"publish","type":"page","link":"https:\/\/greentirana.com\/sq\/about-us\/","title":{"rendered":"Rreth Nesh"},"content":{"rendered":"\t\t<div data-elementor-type=\"wp-page\" data-elementor-id=\"13997\" class=\"elementor elementor-13997\">\n\t\t\t\t\t\t<section class=\"elementor-section elementor-top-section elementor-element elementor-element-3e3b8154 elementor-section-boxed elementor-section-height-default elementor-section-height-default\" data-id=\"3e3b8154\" data-element_type=\"section\">\n\t\t\t\t\t\t<div class=\"elementor-container elementor-column-gap-default\">\n\t\t\t\t\t<div class=\"elementor-column elementor-col-100 elementor-top-column elementor-element elementor-element-63057782\" data-id=\"63057782\" data-element_type=\"column\">\n\t\t\t<div class=\"elementor-widget-wrap elementor-element-populated\">\n\t\t\t\t\t\t<div class=\"elementor-element elementor-element-4a258b80 elementor-widget elementor-widget-heading\" data-id=\"4a258b80\" data-element_type=\"widget\" data-widget_type=\"heading.default\">\n\t\t\t\t<div class=\"elementor-widget-container\">\n\t\t\t\t\t<h2 class=\"elementor-heading-title elementor-size-default\">Cfar\u00eb \u00ebsht\u00eb Green Tirana<\/h2>\t\t\t\t<\/div>\n\t\t\t\t<\/div>\n\t\t\t\t<div class=\"elementor-element elementor-element-46a6beb9 elementor-widget elementor-widget-text-editor\" data-id=\"46a6beb9\" data-element_type=\"widget\" data-widget_type=\"text-editor.default\">\n\t\t\t\t<div class=\"elementor-widget-container\">\n\t\t\t\t\t\t\t\t\t<p>Green Tirana \u00ebsht\u00eb nj\u00eb tur operator q\u00eb \u00ebsht\u00eb zhvilluar nga DMO Albania 2022, si nj\u00eb deg\u00eb e Visit Tirana, p\u00ebr t\u00eb ofruar m\u00eb shum\u00eb ture t\u00eb q\u00ebndrueshme dhe aktivitete p\u00ebr vizitor\u00ebt dhe vendasit n\u00eb Tiran\u00eb dhe rreth saj, me q\u00ebllim transformimin e turizmit n\u00eb Tiran\u00eb dhe Shqip\u00ebri. Udh\u00ebtar\u00ebt mund t\u00eb rezervojn\u00eb ture menj\u00ebher\u00eb n\u00ebp\u00ebrmjet \u00ebebsite-it ton\u00eb ose n\u00ebp\u00ebrmjet adres\u00ebs son\u00eb n\u00eb email dhe t\u00eb gjejn\u00eb informacion shtes\u00eb p\u00ebr q\u00ebndrueshm\u00ebrin\u00eb dhe vizit\u00ebn e tyre n\u00eb Shqip\u00ebri. Bizneset turistike mund t\u00eb na drejtohen p\u00ebr mb\u00ebshtetje, trajnim dhe konsultim. Ky aktivitet ka p\u00ebr q\u00ebllim t\u00eb ndihmoj\u00eb n\u00eb sektorin e turizmit dhe t\u00eb zhvilloj\u00eb q\u00ebndrueshm\u00ebrin\u00eb. Ne vazhdimisht punojm\u00eb me turet tona dhe ofertat p\u00ebr ti p\u00ebrmir\u00ebsuar ato dhe p\u00ebr t\u00eb p\u00eb\u00ebrdit\u00ebsuar informacionin e dh\u00ebn\u00eb n\u00eb \u00ebebsite-in ton\u00eb q\u00eb t\u2019j u mbajm\u00eb t\u00eb njoftuar n\u00eb lidhje me q\u00ebndrueshm\u00ebrin\u00eb n\u00eb Shqip\u00ebri.<\/p>\t\t\t\t\t\t\t\t<\/div>\n\t\t\t\t<\/div>\n\t\t\t\t\t<\/div>\n\t\t<\/div>\n\t\t\t\t\t<\/div>\n\t\t<\/section>\n\t\t\t\t<section class=\"elementor-section elementor-top-section elementor-element elementor-element-57df47a elementor-section-boxed elementor-section-height-default elementor-section-height-default\" data-id=\"57df47a\" data-element_type=\"section\">\n\t\t\t\t\t\t<div class=\"elementor-container elementor-column-gap-default\">\n\t\t\t\t\t<div class=\"elementor-column elementor-col-50 elementor-top-column elementor-element elementor-element-261b459\" data-id=\"261b459\" data-element_type=\"column\">\n\t\t\t<div class=\"elementor-widget-wrap elementor-element-populated\">\n\t\t\t\t\t\t<div class=\"elementor-element elementor-element-49fd6e7 elementor-widget elementor-widget-heading\" data-id=\"49fd6e7\" data-element_type=\"widget\" data-widget_type=\"heading.default\">\n\t\t\t\t<div class=\"elementor-widget-container\">\n\t\t\t\t\t<h2 class=\"elementor-heading-title elementor-size-default\">Misioni jon\u00eb<\/h2>\t\t\t\t<\/div>\n\t\t\t\t<\/div>\n\t\t\t\t<div class=\"elementor-element elementor-element-648adc1 elementor-widget elementor-widget-text-editor\" data-id=\"648adc1\" data-element_type=\"widget\" data-widget_type=\"text-editor.default\">\n\t\t\t\t<div class=\"elementor-widget-container\">\n\t\t\t\t\t\t\t\t\t<p>Ne ofrojm\u00eb ture dhe aktivitete n\u00eb Tiran\u00eb dhe rreth saj, t\u00eb cilat ofrojn\u00eb nj\u00eb eksperienc\u00eb t\u00eb vecant\u00eb udh\u00ebtimi p\u00ebr turist\u00ebt n\u00eb nj\u00eb m\u00ebnyr\u00eb t\u00eb q\u00ebndrueshm\u00eb, q\u00eb ndihmojn\u00eb komunitetet p\u00ebr t\u00eb q\u00ebn\u00eb ekonomikisht t\u00eb zhvilluara dhe t\u00eb ruajn\u00eb traditat e tyre, sidomos n\u00eb zona t\u00eb panjohura rreth Tiran\u00ebs, duke edukuar turist\u00ebt q\u00eb t\u00eb jen\u00eb m\u00eb t\u00eb p\u00ebrgjegjsh\u00ebm n\u00eb lidhje me mjedisin dhe kultur\u00ebn lokale dhe duke ofruar trajnim n\u00eb fush\u00ebn e q\u00ebndrueshm\u00ebris\u00eb.<\/p>\t\t\t\t\t\t\t\t<\/div>\n\t\t\t\t<\/div>\n\t\t\t\t\t<\/div>\n\t\t<\/div>\n\t\t\t\t<div class=\"elementor-column elementor-col-50 elementor-top-column elementor-element elementor-element-5dc9dae\" data-id=\"5dc9dae\" data-element_type=\"column\">\n\t\t\t<div class=\"elementor-widget-wrap elementor-element-populated\">\n\t\t\t\t\t\t<div class=\"elementor-element elementor-element-82bb8f7 elementor-widget elementor-widget-heading\" data-id=\"82bb8f7\" data-element_type=\"widget\" data-widget_type=\"heading.default\">\n\t\t\t\t<div class=\"elementor-widget-container\">\n\t\t\t\t\t<h2 class=\"elementor-heading-title elementor-size-default\">Vizioni jon\u00eb<\/h2>\t\t\t\t<\/div>\n\t\t\t\t<\/div>\n\t\t\t\t<div class=\"elementor-element elementor-element-4192633 elementor-widget elementor-widget-text-editor\" data-id=\"4192633\" data-element_type=\"widget\" data-widget_type=\"text-editor.default\">\n\t\t\t\t<div class=\"elementor-widget-container\">\n\t\t\t\t\t\t\t\t\t<p>Green Tirana synon q\u00eb t\u00eb jet\u00eb nj\u00eb shembull kryesor i nj\u00eb tur operatori q\u00eb demostron turizmin e q\u00ebndruesh\u00ebm n\u00eb Tiran\u00eb dhe n\u00eb t\u00eb gjith\u00eb Shqip\u00ebrin\u00eb, q\u00eb t\u00eb ndihmoj\u00eb bizneset e tjera t\u00eb b\u00ebhen m\u00eb t\u00eb q\u00ebndrueshme dhe komunitetet, natyra dhe kultura t\u00eb lul\u00ebzojn\u00eb dhe t\u00eb forcohen.<\/p>\t\t\t\t\t\t\t\t<\/div>\n\t\t\t\t<\/div>\n\t\t\t\t\t<\/div>\n\t\t<\/div>\n\t\t\t\t\t<\/div>\n\t\t<\/section>\n\t\t\t\t<section class=\"elementor-section elementor-top-section elementor-element elementor-element-8e80613 elementor-section-boxed elementor-section-height-default elementor-section-height-default\" data-id=\"8e80613\" data-element_type=\"section\">\n\t\t\t\t\t\t<div class=\"elementor-container elementor-column-gap-default\">\n\t\t\t\t\t<div class=\"elementor-column elementor-col-50 elementor-top-column elementor-element elementor-element-09fe28f\" data-id=\"09fe28f\" data-element_type=\"column\">\n\t\t\t<div class=\"elementor-widget-wrap elementor-element-populated\">\n\t\t\t\t\t\t<div class=\"elementor-element elementor-element-10c9952 elementor-widget elementor-widget-heading\" data-id=\"10c9952\" data-element_type=\"widget\" data-widget_type=\"heading.default\">\n\t\t\t\t<div class=\"elementor-widget-container\">\n\t\t\t\t\t<h2 class=\"elementor-heading-title elementor-size-default\">DMO Albania<\/h2>\t\t\t\t<\/div>\n\t\t\t\t<\/div>\n\t\t\t\t<div class=\"elementor-element elementor-element-499af6a elementor-widget elementor-widget-text-editor\" data-id=\"499af6a\" data-element_type=\"widget\" data-widget_type=\"text-editor.default\">\n\t\t\t\t<div class=\"elementor-widget-container\">\n\t\t\t\t\t\t\t\t\t<p>DMO Albania \u00ebsht\u00eb nj\u00eb Organizat\u00eb jofitimprur\u00ebse p\u00ebr Menaxhimin e Destinacioneve, q\u00eb punon me bizneset dhe destinacionet n\u00eb Shqip\u00ebri p\u00ebr t\u00eb promovuar destinacionet, p\u00ebr t\u00eb zhvilluar nj\u00eb strategji dhe p\u00ebr t\u00eb zbatuar turizmin e q\u00ebndruesh\u00ebm. Ata ofrojn\u00eb konsulenc\u00eb, marketing, dhe trajnim p\u00ebr turiz\u00ebm t\u00eb q\u00ebndruesh\u00ebm.<\/p>\t\t\t\t\t\t\t\t<\/div>\n\t\t\t\t<\/div>\n\t\t\t\t<div class=\"elementor-element elementor-element-1c31035e elementor-align-center elementor-widget elementor-widget-button\" data-id=\"1c31035e\" data-element_type=\"widget\" data-widget_type=\"button.default\">\n\t\t\t\t<div class=\"elementor-widget-container\">\n\t\t\t\t\t\t\t\t\t<div class=\"elementor-button-wrapper\">\n\t\t\t\t\t<a class=\"elementor-button elementor-button-link elementor-size-sm\" href=\"https:\/\/dmoalbania.al\/\" target=\"_blank\">\n\t\t\t\t\t\t<span class=\"elementor-button-content-wrapper\">\n\t\t\t\t\t\t\t\t\t<span class=\"elementor-button-text\">Lexo me teper<\/span>\n\t\t\t\t\t<\/span>\n\t\t\t\t\t<\/a>\n\t\t\t\t<\/div>\n\t\t\t\t\t\t\t\t<\/div>\n\t\t\t\t<\/div>\n\t\t\t\t<div class=\"elementor-element elementor-element-30fd05d elementor-widget elementor-widget-image\" data-id=\"30fd05d\" data-element_type=\"widget\" data-widget_type=\"image.default\">\n\t\t\t\t<div class=\"elementor-widget-container\">\n\t\t\t\t\t\t\t\t\t\t\t\t\t\t\t<img decoding=\"async\" width=\"300\" height=\"64\" src=\"https:\/\/greentirana.com\/wp-content\/uploads\/2022\/04\/logo-DMO-Albania.png\" class=\"attachment-full size-full wp-image-10595\" alt=\"\" srcset=\"https:\/\/greentirana.com\/wp-content\/uploads\/2022\/04\/logo-DMO-Albania.png 300w, https:\/\/greentirana.com\/wp-content\/uploads\/2022\/04\/logo-DMO-Albania-768x163.png 768w, https:\/\/greentirana.com\/wp-content\/uploads\/2022\/04\/logo-DMO-Albania-600x128.png 600w\" sizes=\"(max-width: 300px) 100vw, 300px\" \/>\t\t\t\t\t\t\t\t\t\t\t\t\t\t\t<\/div>\n\t\t\t\t<\/div>\n\t\t\t\t\t<\/div>\n\t\t<\/div>\n\t\t\t\t<div class=\"elementor-column elementor-col-50 elementor-top-column elementor-element elementor-element-9c9b862\" data-id=\"9c9b862\" data-element_type=\"column\">\n\t\t\t<div class=\"elementor-widget-wrap elementor-element-populated\">\n\t\t\t\t\t\t<div class=\"elementor-element elementor-element-d618961 elementor-widget elementor-widget-heading\" data-id=\"d618961\" data-element_type=\"widget\" data-widget_type=\"heading.default\">\n\t\t\t\t<div class=\"elementor-widget-container\">\n\t\t\t\t\t<h2 class=\"elementor-heading-title elementor-size-default\">Visit Tirana<\/h2>\t\t\t\t<\/div>\n\t\t\t\t<\/div>\n\t\t\t\t<div class=\"elementor-element elementor-element-fe9e8d6 elementor-widget elementor-widget-text-editor\" data-id=\"fe9e8d6\" data-element_type=\"widget\" data-widget_type=\"text-editor.default\">\n\t\t\t\t<div class=\"elementor-widget-container\">\n\t\t\t\t\t\t\t\t\t<p>Visit Tirana \u00ebsht\u00eb nj\u00eb platform\u00eb turizmi p\u00ebr Tiran\u00ebn, q\u00eb \u00ebsht\u00eb zhvilluar nga DMO Albania. Jep informacion n\u00eb lidhje me cfar\u00eb t\u00eb b\u00ebsh n\u00eb Tiran\u00eb p\u00ebr vendasit dhe turist\u00ebt. Ju mund t\u00eb gjeni informacion ku t\u00eb q\u00ebndroni, ku t\u00eb hani dhe cfar\u00eb t\u00eb b\u00ebni, p\u00ebrvec njoftimeve dhe eventeve.<\/p>\t\t\t\t\t\t\t\t<\/div>\n\t\t\t\t<\/div>\n\t\t\t\t<div class=\"elementor-element elementor-element-ec137f8 elementor-align-center elementor-widget elementor-widget-button\" data-id=\"ec137f8\" data-element_type=\"widget\" data-widget_type=\"button.default\">\n\t\t\t\t<div class=\"elementor-widget-container\">\n\t\t\t\t\t\t\t\t\t<div class=\"elementor-button-wrapper\">\n\t\t\t\t\t<a class=\"elementor-button elementor-button-link elementor-size-sm\" href=\"http:\/\/www.visit-tirana.com\/\" target=\"_blank\">\n\t\t\t\t\t\t<span class=\"elementor-button-content-wrapper\">\n\t\t\t\t\t\t\t\t\t<span class=\"elementor-button-text\">Lexo me teper<\/span>\n\t\t\t\t\t<\/span>\n\t\t\t\t\t<\/a>\n\t\t\t\t<\/div>\n\t\t\t\t\t\t\t\t<\/div>\n\t\t\t\t<\/div>\n\t\t\t\t<div class=\"elementor-element elementor-element-e915fbf elementor-widget elementor-widget-image\" data-id=\"e915fbf\" data-element_type=\"widget\" data-widget_type=\"image.default\">\n\t\t\t\t<div class=\"elementor-widget-container\">\n\t\t\t\t\t\t\t\t\t\t\t\t\t\t\t<img decoding=\"async\" width=\"300\" height=\"66\" src=\"https:\/\/greentirana.com\/wp-content\/uploads\/2022\/04\/visit-tirana-logo.png\" class=\"attachment-full size-full wp-image-10596\" alt=\"\" srcset=\"https:\/\/greentirana.com\/wp-content\/uploads\/2022\/04\/visit-tirana-logo.png 300w, https:\/\/greentirana.com\/wp-content\/uploads\/2022\/04\/visit-tirana-logo-768x168.png 768w, https:\/\/greentirana.com\/wp-content\/uploads\/2022\/04\/visit-tirana-logo-600x132.png 600w\" sizes=\"(max-width: 300px) 100vw, 300px\" \/>\t\t\t\t\t\t\t\t\t\t\t\t\t\t\t<\/div>\n\t\t\t\t<\/div>\n\t\t\t\t\t<\/div>\n\t\t<\/div>\n\t\t\t\t\t<\/div>\n\t\t<\/section>\n\t\t\t\t<\/div>\n\t\t","protected":false},"excerpt":{"rendered":"<p>Cfar\u00eb \u00ebsht\u00eb Green Tirana Green Tirana \u00ebsht\u00eb nj\u00eb tur operator q\u00eb \u00ebsht\u00eb zhvilluar nga DMO Albania 2022, si nj\u00eb deg\u00eb e Visit Tirana, p\u00ebr t\u00eb ofruar m\u00eb shum\u00eb ture t\u00eb q\u00ebndrueshme dhe aktivitete p\u00ebr vizitor\u00ebt dhe vendasit n\u00eb Tiran\u00eb dhe rreth saj, me q\u00ebllim transformimin e turizmit n\u00eb Tiran\u00eb dhe Shqip\u00ebri. Udh\u00ebtar\u00ebt mund t\u00eb rezervojn\u00eb [&hellip;]<\/p>\n","protected":false},"author":2,"featured_media":14367,"parent":0,"menu_order":0,"comment_status":"closed","ping_status":"closed","template":"template-fullwidth.php","meta":{"footnotes":""},"class_list":["post-13997","page","type-page","status-publish","has-post-thumbnail","hentry"],"yoast_head":"<!-- This site is optimized with the Yoast SEO plugin v25.1 - https:\/\/yoast.com\/wordpress\/plugins\/seo\/ -->\n<title>Rreth Nesh - Green Tirana<\/title>\n<meta name=\"robots\" content=\"index, follow, max-snippet:-1, max-image-preview:large, max-video-preview:-1\" \/>\n<link rel=\"canonical\" href=\"https:\/\/greentirana.com\/about-us\/\" \/>\n<meta property=\"og:locale\" content=\"sq_AL\" \/>\n<meta property=\"og:type\" content=\"article\" \/>\n<meta property=\"og:title\" content=\"Rreth Nesh - Green Tirana\" \/>\n<meta property=\"og:description\" content=\"Cfar\u00eb \u00ebsht\u00eb Green Tirana Green Tirana \u00ebsht\u00eb nj\u00eb tur operator q\u00eb \u00ebsht\u00eb zhvilluar nga DMO Albania 2022, si nj\u00eb deg\u00eb e Visit Tirana, p\u00ebr t\u00eb ofruar m\u00eb shum\u00eb ture t\u00eb q\u00ebndrueshme dhe aktivitete p\u00ebr vizitor\u00ebt dhe vendasit n\u00eb Tiran\u00eb dhe rreth saj, me q\u00ebllim transformimin e turizmit n\u00eb Tiran\u00eb dhe Shqip\u00ebri. Udh\u00ebtar\u00ebt mund t\u00eb rezervojn\u00eb [&hellip;]\" \/>\n<meta property=\"og:url\" content=\"https:\/\/greentirana.com\/about-us\/\" \/>\n<meta property=\"og:site_name\" content=\"Green Tirana\" \/>\n<meta property=\"article:publisher\" content=\"https:\/\/www.facebook.com\/dmoalbania\/\" \/>\n<meta property=\"article:modified_time\" content=\"2022-09-27T13:12:23+00:00\" \/>\n<meta property=\"og:image\" content=\"https:\/\/greentirana.com\/wp-content\/uploads\/2022\/11\/Merli-Hafizi-Perfection-of-nature-Shengjergj1.jpg\" \/>\n\t<meta property=\"og:image:width\" content=\"950\" \/>\n\t<meta property=\"og:image:height\" content=\"573\" \/>\n\t<meta property=\"og:image:type\" content=\"image\/jpeg\" \/>\n<meta name=\"twitter:card\" content=\"summary_large_image\" \/>\n<meta name=\"twitter:site\" content=\"@dmoalbania\" \/>\n<meta name=\"twitter:label1\" content=\"Est. reading time\" \/>\n\t<meta name=\"twitter:data1\" content=\"2 minutes\" \/>\n<script type=\"application\/ld+json\" class=\"yoast-schema-graph\">{\"@context\":\"https:\/\/schema.org\",\"@graph\":[{\"@type\":\"WebPage\",\"@id\":\"https:\/\/greentirana.com\/about-us\/\",\"url\":\"https:\/\/greentirana.com\/about-us\/\",\"name\":\"Rreth Nesh - Green Tirana\",\"isPartOf\":{\"@id\":\"https:\/\/greentirana.com\/#website\"},\"primaryImageOfPage\":{\"@id\":\"https:\/\/greentirana.com\/about-us\/#primaryimage\"},\"image\":{\"@id\":\"https:\/\/greentirana.com\/about-us\/#primaryimage\"},\"thumbnailUrl\":\"https:\/\/greentirana.com\/wp-content\/uploads\/2022\/11\/Merli-Hafizi-Perfection-of-nature-Shengjergj1.jpg\",\"datePublished\":\"2018-12-10T03:06:47+00:00\",\"dateModified\":\"2022-09-27T13:12:23+00:00\",\"breadcrumb\":{\"@id\":\"https:\/\/greentirana.com\/about-us\/#breadcrumb\"},\"inLanguage\":\"sq-AL\",\"potentialAction\":[{\"@type\":\"ReadAction\",\"target\":[\"https:\/\/greentirana.com\/about-us\/\"]}]},{\"@type\":\"ImageObject\",\"inLanguage\":\"sq-AL\",\"@id\":\"https:\/\/greentirana.com\/about-us\/#primaryimage\",\"url\":\"https:\/\/greentirana.com\/wp-content\/uploads\/2022\/11\/Merli-Hafizi-Perfection-of-nature-Shengjergj1.jpg\",\"contentUrl\":\"https:\/\/greentirana.com\/wp-content\/uploads\/2022\/11\/Merli-Hafizi-Perfection-of-nature-Shengjergj1.jpg\",\"width\":950,\"height\":573},{\"@type\":\"BreadcrumbList\",\"@id\":\"https:\/\/greentirana.com\/about-us\/#breadcrumb\",\"itemListElement\":[{\"@type\":\"ListItem\",\"position\":1,\"name\":\"Home\",\"item\":\"https:\/\/greentirana.com\/\"},{\"@type\":\"ListItem\",\"position\":2,\"name\":\"Rreth Nesh\"}]},{\"@type\":\"WebSite\",\"@id\":\"https:\/\/greentirana.com\/#website\",\"url\":\"https:\/\/greentirana.com\/\",\"name\":\"Green Tirana\",\"description\":\"Special information on green travels &amp; tourism\",\"publisher\":{\"@id\":\"https:\/\/greentirana.com\/#organization\"},\"potentialAction\":[{\"@type\":\"SearchAction\",\"target\":{\"@type\":\"EntryPoint\",\"urlTemplate\":\"https:\/\/greentirana.com\/?s={search_term_string}\"},\"query-input\":{\"@type\":\"PropertyValueSpecification\",\"valueRequired\":true,\"valueName\":\"search_term_string\"}}],\"inLanguage\":\"sq-AL\"},{\"@type\":\"Organization\",\"@id\":\"https:\/\/greentirana.com\/#organization\",\"name\":\"Dmo Albania\",\"url\":\"https:\/\/greentirana.com\/\",\"logo\":{\"@type\":\"ImageObject\",\"inLanguage\":\"sq-AL\",\"@id\":\"https:\/\/greentirana.com\/#\/schema\/logo\/image\/\",\"url\":\"https:\/\/greentirana.com\/wp-content\/uploads\/2019\/05\/GreenTirana-12-1.png\",\"contentUrl\":\"https:\/\/greentirana.com\/wp-content\/uploads\/2019\/05\/GreenTirana-12-1.png\",\"width\":258,\"height\":195,\"caption\":\"Dmo Albania\"},\"image\":{\"@id\":\"https:\/\/greentirana.com\/#\/schema\/logo\/image\/\"},\"sameAs\":[\"https:\/\/www.facebook.com\/dmoalbania\/\",\"https:\/\/x.com\/dmoalbania\",\"https:\/\/www.instagram.com\/p\/CVU4n0GIKSs\/\"]}]}<\/script>\n<!-- \/ Yoast SEO plugin. -->","yoast_head_json":{"title":"Rreth Nesh - Green Tirana","robots":{"index":"index","follow":"follow","max-snippet":"max-snippet:-1","max-image-preview":"max-image-preview:large","max-video-preview":"max-video-preview:-1"},"canonical":"https:\/\/greentirana.com\/about-us\/","og_locale":"sq_AL","og_type":"article","og_title":"Rreth Nesh - Green Tirana","og_description":"Cfar\u00eb \u00ebsht\u00eb Green Tirana Green Tirana \u00ebsht\u00eb nj\u00eb tur operator q\u00eb \u00ebsht\u00eb zhvilluar nga DMO Albania 2022, si nj\u00eb deg\u00eb e Visit Tirana, p\u00ebr t\u00eb ofruar m\u00eb shum\u00eb ture t\u00eb q\u00ebndrueshme dhe aktivitete p\u00ebr vizitor\u00ebt dhe vendasit n\u00eb Tiran\u00eb dhe rreth saj, me q\u00ebllim transformimin e turizmit n\u00eb Tiran\u00eb dhe Shqip\u00ebri. Udh\u00ebtar\u00ebt mund t\u00eb rezervojn\u00eb [&hellip;]","og_url":"https:\/\/greentirana.com\/about-us\/","og_site_name":"Green Tirana","article_publisher":"https:\/\/www.facebook.com\/dmoalbania\/","article_modified_time":"2022-09-27T13:12:23+00:00","og_image":[{"width":950,"height":573,"url":"https:\/\/greentirana.com\/wp-content\/uploads\/2022\/11\/Merli-Hafizi-Perfection-of-nature-Shengjergj1.jpg","type":"image\/jpeg"}],"twitter_card":"summary_large_image","twitter_site":"@dmoalbania","twitter_misc":{"Est. reading time":"2 minutes"},"schema":{"@context":"https:\/\/schema.org","@graph":[{"@type":"WebPage","@id":"https:\/\/greentirana.com\/about-us\/","url":"https:\/\/greentirana.com\/about-us\/","name":"Rreth Nesh - Green Tirana","isPartOf":{"@id":"https:\/\/greentirana.com\/#website"},"primaryImageOfPage":{"@id":"https:\/\/greentirana.com\/about-us\/#primaryimage"},"image":{"@id":"https:\/\/greentirana.com\/about-us\/#primaryimage"},"thumbnailUrl":"https:\/\/greentirana.com\/wp-content\/uploads\/2022\/11\/Merli-Hafizi-Perfection-of-nature-Shengjergj1.jpg","datePublished":"2018-12-10T03:06:47+00:00","dateModified":"2022-09-27T13:12:23+00:00","breadcrumb":{"@id":"https:\/\/greentirana.com\/about-us\/#breadcrumb"},"inLanguage":"sq-AL","potentialAction":[{"@type":"ReadAction","target":["https:\/\/greentirana.com\/about-us\/"]}]},{"@type":"ImageObject","inLanguage":"sq-AL","@id":"https:\/\/greentirana.com\/about-us\/#primaryimage","url":"https:\/\/greentirana.com\/wp-content\/uploads\/2022\/11\/Merli-Hafizi-Perfection-of-nature-Shengjergj1.jpg","contentUrl":"https:\/\/greentirana.com\/wp-content\/uploads\/2022\/11\/Merli-Hafizi-Perfection-of-nature-Shengjergj1.jpg","width":950,"height":573},{"@type":"BreadcrumbList","@id":"https:\/\/greentirana.com\/about-us\/#breadcrumb","itemListElement":[{"@type":"ListItem","position":1,"name":"Home","item":"https:\/\/greentirana.com\/"},{"@type":"ListItem","position":2,"name":"Rreth Nesh"}]},{"@type":"WebSite","@id":"https:\/\/greentirana.com\/#website","url":"https:\/\/greentirana.com\/","name":"Green Tirana","description":"Special information on green travels &amp; tourism","publisher":{"@id":"https:\/\/greentirana.com\/#organization"},"potentialAction":[{"@type":"SearchAction","target":{"@type":"EntryPoint","urlTemplate":"https:\/\/greentirana.com\/?s={search_term_string}"},"query-input":{"@type":"PropertyValueSpecification","valueRequired":true,"valueName":"search_term_string"}}],"inLanguage":"sq-AL"},{"@type":"Organization","@id":"https:\/\/greentirana.com\/#organization","name":"Dmo Albania","url":"https:\/\/greentirana.com\/","logo":{"@type":"ImageObject","inLanguage":"sq-AL","@id":"https:\/\/greentirana.com\/#\/schema\/logo\/image\/","url":"https:\/\/greentirana.com\/wp-content\/uploads\/2019\/05\/GreenTirana-12-1.png","contentUrl":"https:\/\/greentirana.com\/wp-content\/uploads\/2019\/05\/GreenTirana-12-1.png","width":258,"height":195,"caption":"Dmo Albania"},"image":{"@id":"https:\/\/greentirana.com\/#\/schema\/logo\/image\/"},"sameAs":["https:\/\/www.facebook.com\/dmoalbania\/","https:\/\/x.com\/dmoalbania","https:\/\/www.instagram.com\/p\/CVU4n0GIKSs\/"]}]}},"_links":{"self":[{"href":"https:\/\/greentirana.com\/sq\/wp-json\/wp\/v2\/pages\/13997","targetHints":{"allow":["GET"]}}],"collection":[{"href":"https:\/\/greentirana.com\/sq\/wp-json\/wp\/v2\/pages"}],"about":[{"href":"https:\/\/greentirana.com\/sq\/wp-json\/wp\/v2\/types\/page"}],"author":[{"embeddable":true,"href":"https:\/\/greentirana.com\/sq\/wp-json\/wp\/v2\/users\/2"}],"replies":[{"embeddable":true,"href":"https:\/\/greentirana.com\/sq\/wp-json\/wp\/v2\/comments?post=13997"}],"version-history":[{"count":13,"href":"https:\/\/greentirana.com\/sq\/wp-json\/wp\/v2\/pages\/13997\/revisions"}],"predecessor-version":[{"id":14180,"href":"https:\/\/greentirana.com\/sq\/wp-json\/wp\/v2\/pages\/13997\/revisions\/14180"}],"wp:featuredmedia":[{"embeddable":true,"href":"https:\/\/greentirana.com\/sq\/wp-json\/wp\/v2\/media\/14367"}],"wp:attachment":[{"href":"https:\/\/greentirana.com\/sq\/wp-json\/wp\/v2\/media?parent=13997"}],"curies":[{"name":"wp","href":"https:\/\/api.w.org\/{rel}","templated":true}]}}